{"id":1379,"date":"2024-04-17T13:22:31","date_gmt":"2024-04-17T13:22:31","guid":{"rendered":"https:\/\/ftgmowi.com\/product\/mekanisk-tvaspak-hcd3m-med-linjarspakar\/"},"modified":"2024-06-13T12:33:59","modified_gmt":"2024-06-13T12:33:59","slug":"mekanisk-tvaspak-hcd3m-med-linjarspakar","status":"publish","type":"product","link":"https:\/\/ftgmowi.com\/sv\/produkt\/mekanisk-tvaspak-hcd3m-med-linjarspakar\/","title":{"rendered":"Mekanisk tv\u00e5spak HCD3M med linj\u00e4rspakar"},"content":{"rendered":"<p>Kontakta din \u00e5terf\u00f6rs\u00e4ljare (eller oss) f\u00f6r offert.<\/p>\n","protected":false},"excerpt":{"rendered":"<p>Kontakta din \u00e5terf\u00f6rs\u00e4ljare (eller oss) f\u00f6r offert.<\/p>\n","protected":false},"featured_media":1339,"comment_status":"closed","ping_status":"closed","template":"","meta":{"_acf_changed":false,"inline_featured_image":false},"product_cat":[56,83],"product_tag":[],"acf":[],"_links":{"self":[{"href":"https:\/\/ftgmowi.com\/sv\/wp-json\/wp\/v2\/product\/1379"}],"collection":[{"href":"https:\/\/ftgmowi.com\/sv\/wp-json\/wp\/v2\/product"}],"about":[{"href":"https:\/\/ftgmowi.com\/sv\/wp-json\/wp\/v2\/types\/product"}],"replies":[{"embeddable":true,"href":"https:\/\/ftgmowi.com\/sv\/wp-json\/wp\/v2\/comments?post=1379"}],"wp:featuredmedia":[{"embeddable":true,"href":"https:\/\/ftgmowi.com\/sv\/wp-json\/wp\/v2\/media\/1339"}],"wp:attachment":[{"href":"https:\/\/ftgmowi.com\/sv\/wp-json\/wp\/v2\/media?parent=1379"}],"wp:term":[{"taxonomy":"product_cat","embeddable":true,"href":"https:\/\/ftgmowi.com\/sv\/wp-json\/wp\/v2\/product_cat?post=1379"},{"taxonomy":"product_tag","embeddable":true,"href":"https:\/\/ftgmowi.com\/sv\/wp-json\/wp\/v2\/product_tag?post=1379"}],"curies":[{"name":"wp","href":"https:\/\/api.w.org\/{rel}","templated":true}]}}