{"id":1380,"date":"2024-04-17T13:21:25","date_gmt":"2024-04-17T13:21:25","guid":{"rendered":"https:\/\/ftgmowi.com\/product\/flerspaksventil-hcd3m\/"},"modified":"2024-06-13T12:30:50","modified_gmt":"2024-06-13T12:30:50","slug":"flerspaksventil-hcd3m","status":"publish","type":"product","link":"https:\/\/ftgmowi.com\/sv\/produkt\/flerspaksventil-hcd3m\/","title":{"rendered":"Flerspaksventil HCD3M"},"content":{"rendered":"<p>Kontakta din \u00e5terf\u00f6rs\u00e4ljare (eller oss) f\u00f6r offert.<\/p>\n","protected":false},"excerpt":{"rendered":"<p>Kontakta din \u00e5terf\u00f6rs\u00e4ljare (eller oss) f\u00f6r offert.<\/p>\n","protected":false},"featured_media":1335,"comment_status":"closed","ping_status":"closed","template":"","meta":{"_acf_changed":false,"inline_featured_image":false},"product_cat":[56,83],"product_tag":[],"acf":[],"_links":{"self":[{"href":"https:\/\/ftgmowi.com\/sv\/wp-json\/wp\/v2\/product\/1380"}],"collection":[{"href":"https:\/\/ftgmowi.com\/sv\/wp-json\/wp\/v2\/product"}],"about":[{"href":"https:\/\/ftgmowi.com\/sv\/wp-json\/wp\/v2\/types\/product"}],"replies":[{"embeddable":true,"href":"https:\/\/ftgmowi.com\/sv\/wp-json\/wp\/v2\/comments?post=1380"}],"wp:featuredmedia":[{"embeddable":true,"href":"https:\/\/ftgmowi.com\/sv\/wp-json\/wp\/v2\/media\/1335"}],"wp:attachment":[{"href":"https:\/\/ftgmowi.com\/sv\/wp-json\/wp\/v2\/media?parent=1380"}],"wp:term":[{"taxonomy":"product_cat","embeddable":true,"href":"https:\/\/ftgmowi.com\/sv\/wp-json\/wp\/v2\/product_cat?post=1380"},{"taxonomy":"product_tag","embeddable":true,"href":"https:\/\/ftgmowi.com\/sv\/wp-json\/wp\/v2\/product_tag?post=1380"}],"curies":[{"name":"wp","href":"https:\/\/api.w.org\/{rel}","templated":true}]}}