{"id":1383,"date":"2024-04-17T13:17:54","date_gmt":"2024-04-17T11:17:54","guid":{"rendered":"https:\/\/ftgmowi.com\/product\/led-baklyktor\/"},"modified":"2024-06-17T09:09:47","modified_gmt":"2024-06-17T09:09:47","slug":"extrabanke-mowi-850","status":"publish","type":"product","link":"https:\/\/ftgmowi.com\/sv\/produkt\/extrabanke-mowi-850\/","title":{"rendered":"Extrabanke inkl st\u00f6ttor (Mowi 850 med bakljus)"},"content":{"rendered":"<p>Extrabanke med st\u00f6ttor f\u00f6r Mowi 850 med bakljus.<\/p>\n","protected":false},"excerpt":{"rendered":"<p>Extrabanke med st\u00f6ttor f\u00f6r Mowi 850 med bakljus.<\/p>\n","protected":false},"featured_media":1323,"comment_status":"closed","ping_status":"closed","template":"","meta":{"_acf_changed":false,"inline_featured_image":false},"product_cat":[56,87],"product_tag":[],"acf":[],"_links":{"self":[{"href":"https:\/\/ftgmowi.com\/sv\/wp-json\/wp\/v2\/product\/1383"}],"collection":[{"href":"https:\/\/ftgmowi.com\/sv\/wp-json\/wp\/v2\/product"}],"about":[{"href":"https:\/\/ftgmowi.com\/sv\/wp-json\/wp\/v2\/types\/product"}],"replies":[{"embeddable":true,"href":"https:\/\/ftgmowi.com\/sv\/wp-json\/wp\/v2\/comments?post=1383"}],"wp:featuredmedia":[{"embeddable":true,"href":"https:\/\/ftgmowi.com\/sv\/wp-json\/wp\/v2\/media\/1323"}],"wp:attachment":[{"href":"https:\/\/ftgmowi.com\/sv\/wp-json\/wp\/v2\/media?parent=1383"}],"wp:term":[{"taxonomy":"product_cat","embeddable":true,"href":"https:\/\/ftgmowi.com\/sv\/wp-json\/wp\/v2\/product_cat?post=1383"},{"taxonomy":"product_tag","embeddable":true,"href":"https:\/\/ftgmowi.com\/sv\/wp-json\/wp\/v2\/product_tag?post=1383"}],"curies":[{"name":"wp","href":"https:\/\/api.w.org\/{rel}","templated":true}]}}