{"id":1389,"date":"2024-04-17T13:03:15","date_gmt":"2024-04-17T11:03:15","guid":{"rendered":"https:\/\/ftgmowi.com\/product\/hydrauliska-stakar\/"},"modified":"2024-06-17T09:16:00","modified_gmt":"2024-06-17T09:16:00","slug":"hydrauliska-stottor","status":"publish","type":"product","link":"https:\/\/ftgmowi.com\/sv\/produkt\/hydrauliska-stottor\/","title":{"rendered":"Hydrauliska st\u00f6ttor"},"content":{"rendered":"<p>Hydrauliska st\u00f6ttor, 3 par, inkl. f\u00f6rl\u00e4ngningar och slangsats. F\u00f6r Mowi 1050\/1250\/1450<\/p>\n","protected":false},"excerpt":{"rendered":"<p>Hydrauliska st\u00f6ttor, 3 par, inkl. f\u00f6rl\u00e4ngningar och slangsats. F\u00f6r Mowi 1050\/1250\/1450<\/p>\n","protected":false},"featured_media":1290,"comment_status":"closed","ping_status":"closed","template":"","meta":{"_acf_changed":false,"inline_featured_image":false},"product_cat":[56,87],"product_tag":[],"acf":[],"_links":{"self":[{"href":"https:\/\/ftgmowi.com\/sv\/wp-json\/wp\/v2\/product\/1389"}],"collection":[{"href":"https:\/\/ftgmowi.com\/sv\/wp-json\/wp\/v2\/product"}],"about":[{"href":"https:\/\/ftgmowi.com\/sv\/wp-json\/wp\/v2\/types\/product"}],"replies":[{"embeddable":true,"href":"https:\/\/ftgmowi.com\/sv\/wp-json\/wp\/v2\/comments?post=1389"}],"wp:featuredmedia":[{"embeddable":true,"href":"https:\/\/ftgmowi.com\/sv\/wp-json\/wp\/v2\/media\/1290"}],"wp:attachment":[{"href":"https:\/\/ftgmowi.com\/sv\/wp-json\/wp\/v2\/media?parent=1389"}],"wp:term":[{"taxonomy":"product_cat","embeddable":true,"href":"https:\/\/ftgmowi.com\/sv\/wp-json\/wp\/v2\/product_cat?post=1389"},{"taxonomy":"product_tag","embeddable":true,"href":"https:\/\/ftgmowi.com\/sv\/wp-json\/wp\/v2\/product_tag?post=1389"}],"curies":[{"name":"wp","href":"https:\/\/api.w.org\/{rel}","templated":true}]}}