{"id":1390,"date":"2024-04-17T13:02:07","date_gmt":"2024-04-17T11:02:07","guid":{"rendered":"https:\/\/ftgmowi.com\/product\/delningsstottor\/"},"modified":"2024-06-17T07:11:20","modified_gmt":"2024-06-17T07:11:20","slug":"delningsstottor","status":"publish","type":"product","link":"https:\/\/ftgmowi.com\/sv\/produkt\/delningsstottor\/","title":{"rendered":"Delningsst\u00f6ttor (1 par)"},"content":{"rendered":"<p>Delningsst\u00f6ttor f\u00f6r\u00a0 Mowi 1250- och 1450 skogsvagnar<\/p>\n","protected":false},"excerpt":{"rendered":"<p>Delningsst\u00f6ttor f\u00f6r\u00a0 Mowi 1250- och 1450 skogsvagnar<\/p>\n","protected":false},"featured_media":2321,"comment_status":"closed","ping_status":"closed","template":"","meta":{"_acf_changed":false,"inline_featured_image":false},"product_cat":[56,87],"product_tag":[],"acf":[],"_links":{"self":[{"href":"https:\/\/ftgmowi.com\/sv\/wp-json\/wp\/v2\/product\/1390"}],"collection":[{"href":"https:\/\/ftgmowi.com\/sv\/wp-json\/wp\/v2\/product"}],"about":[{"href":"https:\/\/ftgmowi.com\/sv\/wp-json\/wp\/v2\/types\/product"}],"replies":[{"embeddable":true,"href":"https:\/\/ftgmowi.com\/sv\/wp-json\/wp\/v2\/comments?post=1390"}],"wp:featuredmedia":[{"embeddable":true,"href":"https:\/\/ftgmowi.com\/sv\/wp-json\/wp\/v2\/media\/2321"}],"wp:attachment":[{"href":"https:\/\/ftgmowi.com\/sv\/wp-json\/wp\/v2\/media?parent=1390"}],"wp:term":[{"taxonomy":"product_cat","embeddable":true,"href":"https:\/\/ftgmowi.com\/sv\/wp-json\/wp\/v2\/product_cat?post=1390"},{"taxonomy":"product_tag","embeddable":true,"href":"https:\/\/ftgmowi.com\/sv\/wp-json\/wp\/v2\/product_tag?post=1390"}],"curies":[{"name":"wp","href":"https:\/\/api.w.org\/{rel}","templated":true}]}}