{"id":1391,"date":"2024-04-17T12:59:48","date_gmt":"2024-04-17T10:59:48","guid":{"rendered":"https:\/\/ftgmowi.com\/product\/forlangningsstake-par\/"},"modified":"2024-06-17T09:00:58","modified_gmt":"2024-06-17T09:00:58","slug":"forlangningsstakar","status":"publish","type":"product","link":"https:\/\/ftgmowi.com\/sv\/produkt\/forlangningsstakar\/","title":{"rendered":"F\u00f6rl\u00e4ngningsstakar (1 par)"},"content":{"rendered":"<p>F\u00f6rl\u00e4ngningsstakar.\u00a0 1 par.<\/p>\n<p>F\u00f6r Mowi 1050-1450 skogsvagnar<\/p>\n","protected":false},"excerpt":{"rendered":"<p>F\u00f6rl\u00e4ngningsstakar.\u00a0 1 par. F\u00f6r Mowi 1050-1450 skogsvagnar<\/p>\n","protected":false},"featured_media":2317,"comment_status":"closed","ping_status":"closed","template":"","meta":{"_acf_changed":false,"inline_featured_image":false},"product_cat":[56,87],"product_tag":[],"acf":[],"_links":{"self":[{"href":"https:\/\/ftgmowi.com\/sv\/wp-json\/wp\/v2\/product\/1391"}],"collection":[{"href":"https:\/\/ftgmowi.com\/sv\/wp-json\/wp\/v2\/product"}],"about":[{"href":"https:\/\/ftgmowi.com\/sv\/wp-json\/wp\/v2\/types\/product"}],"replies":[{"embeddable":true,"href":"https:\/\/ftgmowi.com\/sv\/wp-json\/wp\/v2\/comments?post=1391"}],"wp:featuredmedia":[{"embeddable":true,"href":"https:\/\/ftgmowi.com\/sv\/wp-json\/wp\/v2\/media\/2317"}],"wp:attachment":[{"href":"https:\/\/ftgmowi.com\/sv\/wp-json\/wp\/v2\/media?parent=1391"}],"wp:term":[{"taxonomy":"product_cat","embeddable":true,"href":"https:\/\/ftgmowi.com\/sv\/wp-json\/wp\/v2\/product_cat?post=1391"},{"taxonomy":"product_tag","embeddable":true,"href":"https:\/\/ftgmowi.com\/sv\/wp-json\/wp\/v2\/product_tag?post=1391"}],"curies":[{"name":"wp","href":"https:\/\/api.w.org\/{rel}","templated":true}]}}