{"id":1392,"date":"2024-04-17T12:58:46","date_gmt":"2024-04-17T10:58:46","guid":{"rendered":"https:\/\/ftgmowi.com\/product\/insats-for-risflak\/"},"modified":"2024-06-17T09:16:51","modified_gmt":"2024-06-17T09:16:51","slug":"risplatar","status":"publish","type":"product","link":"https:\/\/ftgmowi.com\/sv\/produkt\/risplatar\/","title":{"rendered":"Rispl\u00e5tar &#8211; galvade"},"content":{"rendered":"<p>Insatspl\u00e5tar f\u00f6r transport av ris. L\u00e4mpar sig \u00e4ven f\u00f6r andra l\u00e4tta material som grenar och buskar.<\/p>\n<ul>\n<li>L\u00e4tt att installera<\/li>\n<li>Finns f\u00f6r alla FTG Mowi-skogsvagnar<\/li>\n<li>F\u00f6rzinkat material<\/li>\n<\/ul>\n","protected":false},"excerpt":{"rendered":"<p>Insatspl\u00e5tar f\u00f6r transport av ris. L\u00e4mpar sig \u00e4ven f\u00f6r andra l\u00e4tta material som grenar och buskar. L\u00e4tt att installera Finns f\u00f6r alla FTG Mowi-skogsvagnar F\u00f6rzinkat material<\/p>\n","protected":false},"featured_media":2334,"comment_status":"closed","ping_status":"closed","template":"","meta":{"_acf_changed":false,"inline_featured_image":false},"product_cat":[56,87],"product_tag":[],"acf":[],"_links":{"self":[{"href":"https:\/\/ftgmowi.com\/sv\/wp-json\/wp\/v2\/product\/1392"}],"collection":[{"href":"https:\/\/ftgmowi.com\/sv\/wp-json\/wp\/v2\/product"}],"about":[{"href":"https:\/\/ftgmowi.com\/sv\/wp-json\/wp\/v2\/types\/product"}],"replies":[{"embeddable":true,"href":"https:\/\/ftgmowi.com\/sv\/wp-json\/wp\/v2\/comments?post=1392"}],"wp:featuredmedia":[{"embeddable":true,"href":"https:\/\/ftgmowi.com\/sv\/wp-json\/wp\/v2\/media\/2334"}],"wp:attachment":[{"href":"https:\/\/ftgmowi.com\/sv\/wp-json\/wp\/v2\/media?parent=1392"}],"wp:term":[{"taxonomy":"product_cat","embeddable":true,"href":"https:\/\/ftgmowi.com\/sv\/wp-json\/wp\/v2\/product_cat?post=1392"},{"taxonomy":"product_tag","embeddable":true,"href":"https:\/\/ftgmowi.com\/sv\/wp-json\/wp\/v2\/product_tag?post=1392"}],"curies":[{"name":"wp","href":"https:\/\/api.w.org\/{rel}","templated":true}]}}