{"id":1394,"date":"2024-04-17T12:56:10","date_gmt":"2024-04-17T12:56:10","guid":{"rendered":"https:\/\/ftgmowi.com\/product\/motorsagshallare\/"},"modified":"2024-06-17T09:11:12","modified_gmt":"2024-06-17T09:11:12","slug":"motorsagshallare","status":"publish","type":"product","link":"https:\/\/ftgmowi.com\/sv\/produkt\/motorsagshallare\/","title":{"rendered":"Motors\u00e5gsh\u00e5llare"},"content":{"rendered":"<p>Motors\u00e5gsh\u00e5llare i kompositmaterial f\u00f6r montering p\u00e5 st\u00f6dben eller kranpall<\/p>\n","protected":false},"excerpt":{"rendered":"<p>Motors\u00e5gsh\u00e5llare i kompositmaterial f\u00f6r montering p\u00e5 st\u00f6dben eller kranpall<\/p>\n","protected":false},"featured_media":1268,"comment_status":"closed","ping_status":"closed","template":"","meta":{"_acf_changed":false,"inline_featured_image":false},"product_cat":[56,87],"product_tag":[],"acf":[],"_links":{"self":[{"href":"https:\/\/ftgmowi.com\/sv\/wp-json\/wp\/v2\/product\/1394"}],"collection":[{"href":"https:\/\/ftgmowi.com\/sv\/wp-json\/wp\/v2\/product"}],"about":[{"href":"https:\/\/ftgmowi.com\/sv\/wp-json\/wp\/v2\/types\/product"}],"replies":[{"embeddable":true,"href":"https:\/\/ftgmowi.com\/sv\/wp-json\/wp\/v2\/comments?post=1394"}],"wp:featuredmedia":[{"embeddable":true,"href":"https:\/\/ftgmowi.com\/sv\/wp-json\/wp\/v2\/media\/1268"}],"wp:attachment":[{"href":"https:\/\/ftgmowi.com\/sv\/wp-json\/wp\/v2\/media?parent=1394"}],"wp:term":[{"taxonomy":"product_cat","embeddable":true,"href":"https:\/\/ftgmowi.com\/sv\/wp-json\/wp\/v2\/product_cat?post=1394"},{"taxonomy":"product_tag","embeddable":true,"href":"https:\/\/ftgmowi.com\/sv\/wp-json\/wp\/v2\/product_tag?post=1394"}],"curies":[{"name":"wp","href":"https:\/\/api.w.org\/{rel}","templated":true}]}}