{"id":1397,"date":"2024-04-17T12:51:12","date_gmt":"2024-04-17T12:51:12","guid":{"rendered":"https:\/\/ftgmowi.com\/product\/vinsch-komplett\/"},"modified":"2024-06-17T09:26:19","modified_gmt":"2024-06-17T09:26:19","slug":"vinsch-kit","status":"publish","type":"product","link":"https:\/\/ftgmowi.com\/sv\/produkt\/vinsch-kit\/","title":{"rendered":"Vinsch-kit 1410 och 1810"},"content":{"rendered":"<p><strong>Vinsch 1410<\/strong><\/p>\n<p>Art.nr &#8211; Kontakta FTG eftersom det finns olika monteringsalternativ.<\/p>\n<p>Hydraulisk vinsch, komplett med vajer (6 mm \/ 35 m) med en dragkraft p\u00e5 1400 kg.<\/p>\n<p>Den vanligaste placeringen \u00e4r i kranpallen men den kan ocks\u00e5 monteras p\u00e5 b\u00e5de kran och grind.<\/p>\n<p>Vinschsatsen inneh\u00e5ller en vinsch, vajer, brytblock och manuell ventil (f\u00f6r multispakar). De flesta v\u00e4ljer att k\u00f6pa en radiostyrning till vinschen.<\/p>\n<p>Vinsch 1410 passar till alla FTG:s skogsvagnar och kranar.<\/p>\n<p>&nbsp;<\/p>\n<p><strong>Vinsch 1810<\/strong><\/p>\n<p>Art.nr &#8211; Kontakta FTG eftersom det finns olika monteringsalternativ.<\/p>\n<p>Hydraulisk vinsch, komplett med vajer (8 mm \/ 30 m), med en dragkraft p\u00e5 1800 kg. F\u00f6r Mowi 1050-1450.<\/p>\n<p>Vinschsatsen inneh\u00e5ller en vinsch, vajer, brytblock och manuell ventil (f\u00f6r multispakar). De flesta v\u00e4ljer att k\u00f6pa en radiostyrning till vinschen.<\/p>\n<p>Vinsch 1810 passar till alla FTG:s skogsvagnar och kranar.<\/p>\n<p>&nbsp;<\/p>\n<p><strong>Obs: F\u00f6r att f\u00e5 r\u00e4tt monteringssats f\u00f6r din skogsvagn, ange modell och serienummer n\u00e4r du best\u00e4ller<\/strong><\/p>\n","protected":false},"excerpt":{"rendered":"<p>Vinsch 1410 Art.nr &#8211; Kontakta FTG eftersom det finns olika monteringsalternativ. Hydraulisk vinsch, komplett med vajer (6 mm \/ 35 m) med en dragkraft p\u00e5 1400 kg. Den vanligaste placeringen \u00e4r i kranpallen men den kan ocks\u00e5 monteras p\u00e5 b\u00e5de kran och grind. Vinschsatsen inneh\u00e5ller en vinsch, vajer, brytblock och manuell ventil (f\u00f6r multispakar). De [&hellip;]<\/p>\n","protected":false},"featured_media":2302,"comment_status":"closed","ping_status":"closed","template":"","meta":{"_acf_changed":false,"inline_featured_image":false},"product_cat":[56,85],"product_tag":[],"acf":[],"_links":{"self":[{"href":"https:\/\/ftgmowi.com\/sv\/wp-json\/wp\/v2\/product\/1397"}],"collection":[{"href":"https:\/\/ftgmowi.com\/sv\/wp-json\/wp\/v2\/product"}],"about":[{"href":"https:\/\/ftgmowi.com\/sv\/wp-json\/wp\/v2\/types\/product"}],"replies":[{"embeddable":true,"href":"https:\/\/ftgmowi.com\/sv\/wp-json\/wp\/v2\/comments?post=1397"}],"wp:featuredmedia":[{"embeddable":true,"href":"https:\/\/ftgmowi.com\/sv\/wp-json\/wp\/v2\/media\/2302"}],"wp:attachment":[{"href":"https:\/\/ftgmowi.com\/sv\/wp-json\/wp\/v2\/media?parent=1397"}],"wp:term":[{"taxonomy":"product_cat","embeddable":true,"href":"https:\/\/ftgmowi.com\/sv\/wp-json\/wp\/v2\/product_cat?post=1397"},{"taxonomy":"product_tag","embeddable":true,"href":"https:\/\/ftgmowi.com\/sv\/wp-json\/wp\/v2\/product_tag?post=1397"}],"curies":[{"name":"wp","href":"https:\/\/api.w.org\/{rel}","templated":true}]}}