{"id":1400,"date":"2024-04-17T12:44:38","date_gmt":"2024-04-17T10:44:38","guid":{"rendered":"https:\/\/ftgmowi.com\/product\/brytblock-mb31360-3\/"},"modified":"2024-06-17T09:29:53","modified_gmt":"2024-06-17T09:29:53","slug":"brytblock-hangande","status":"publish","type":"product","link":"https:\/\/ftgmowi.com\/sv\/produkt\/brytblock-hangande\/","title":{"rendered":"Brytblock h\u00e4ngande"},"content":{"rendered":"<p>F\u00f6r montering p\u00e5 kran vid kranmonterad vinsch<\/p>\n<p>Passar alla kranar<\/p>\n","protected":false},"excerpt":{"rendered":"<p>F\u00f6r montering p\u00e5 kran vid kranmonterad vinsch Passar alla kranar<\/p>\n","protected":false},"featured_media":2306,"comment_status":"closed","ping_status":"closed","template":"","meta":{"_acf_changed":false,"inline_featured_image":false},"product_cat":[56,85],"product_tag":[],"acf":[],"_links":{"self":[{"href":"https:\/\/ftgmowi.com\/sv\/wp-json\/wp\/v2\/product\/1400"}],"collection":[{"href":"https:\/\/ftgmowi.com\/sv\/wp-json\/wp\/v2\/product"}],"about":[{"href":"https:\/\/ftgmowi.com\/sv\/wp-json\/wp\/v2\/types\/product"}],"replies":[{"embeddable":true,"href":"https:\/\/ftgmowi.com\/sv\/wp-json\/wp\/v2\/comments?post=1400"}],"wp:featuredmedia":[{"embeddable":true,"href":"https:\/\/ftgmowi.com\/sv\/wp-json\/wp\/v2\/media\/2306"}],"wp:attachment":[{"href":"https:\/\/ftgmowi.com\/sv\/wp-json\/wp\/v2\/media?parent=1400"}],"wp:term":[{"taxonomy":"product_cat","embeddable":true,"href":"https:\/\/ftgmowi.com\/sv\/wp-json\/wp\/v2\/product_cat?post=1400"},{"taxonomy":"product_tag","embeddable":true,"href":"https:\/\/ftgmowi.com\/sv\/wp-json\/wp\/v2\/product_tag?post=1400"}],"curies":[{"name":"wp","href":"https:\/\/api.w.org\/{rel}","templated":true}]}}