{"id":1401,"date":"2024-04-17T12:39:19","date_gmt":"2024-04-17T10:39:19","guid":{"rendered":"https:\/\/ftgmowi.com\/product\/oppet-brytblock\/"},"modified":"2024-06-17T06:49:38","modified_gmt":"2024-06-17T06:49:38","slug":"oppet-brytblock","status":"publish","type":"product","link":"https:\/\/ftgmowi.com\/sv\/produkt\/oppet-brytblock\/","title":{"rendered":"Brytblock \u00f6ppet"},"content":{"rendered":"<p>\u00d6ppet brytblock. Ett brytblock som monteras p\u00e5 kranarmen d\u00e4r vajern kan l\u00e4ggas i vid behov om vinschen sitter monterad p\u00e5 vagnen.<\/p>\n","protected":false},"excerpt":{"rendered":"<p>\u00d6ppet brytblock. Ett brytblock som monteras p\u00e5 kranarmen d\u00e4r vajern kan l\u00e4ggas i vid behov om vinschen sitter monterad p\u00e5 vagnen.<\/p>\n","protected":false},"featured_media":2308,"comment_status":"closed","ping_status":"closed","template":"","meta":{"_acf_changed":false,"inline_featured_image":false},"product_cat":[56,85],"product_tag":[],"acf":[],"_links":{"self":[{"href":"https:\/\/ftgmowi.com\/sv\/wp-json\/wp\/v2\/product\/1401"}],"collection":[{"href":"https:\/\/ftgmowi.com\/sv\/wp-json\/wp\/v2\/product"}],"about":[{"href":"https:\/\/ftgmowi.com\/sv\/wp-json\/wp\/v2\/types\/product"}],"replies":[{"embeddable":true,"href":"https:\/\/ftgmowi.com\/sv\/wp-json\/wp\/v2\/comments?post=1401"}],"wp:featuredmedia":[{"embeddable":true,"href":"https:\/\/ftgmowi.com\/sv\/wp-json\/wp\/v2\/media\/2308"}],"wp:attachment":[{"href":"https:\/\/ftgmowi.com\/sv\/wp-json\/wp\/v2\/media?parent=1401"}],"wp:term":[{"taxonomy":"product_cat","embeddable":true,"href":"https:\/\/ftgmowi.com\/sv\/wp-json\/wp\/v2\/product_cat?post=1401"},{"taxonomy":"product_tag","embeddable":true,"href":"https:\/\/ftgmowi.com\/sv\/wp-json\/wp\/v2\/product_tag?post=1401"}],"curies":[{"name":"wp","href":"https:\/\/api.w.org\/{rel}","templated":true}]}}