{"id":1402,"date":"2024-04-17T12:37:52","date_gmt":"2024-04-17T10:37:52","guid":{"rendered":"https:\/\/ftgmowi.com\/product\/radiostryd-vinschventil\/"},"modified":"2024-06-17T09:31:13","modified_gmt":"2024-06-17T09:31:13","slug":"radiostyrd-vinsch","status":"publish","type":"product","link":"https:\/\/ftgmowi.com\/sv\/produkt\/radiostyrd-vinsch\/","title":{"rendered":"Radiostyrning f\u00f6r vinsch"},"content":{"rendered":"<p>Paket med vinschventil och radiostyrning f\u00f6r v\u00e5ra hydrauliska vinschar<\/p>\n","protected":false},"excerpt":{"rendered":"<p>Paket med vinschventil och radiostyrning f\u00f6r v\u00e5ra hydrauliska vinschar<\/p>\n","protected":false},"featured_media":1236,"comment_status":"closed","ping_status":"closed","template":"","meta":{"_acf_changed":false,"inline_featured_image":false},"product_cat":[56,85],"product_tag":[],"acf":[],"_links":{"self":[{"href":"https:\/\/ftgmowi.com\/sv\/wp-json\/wp\/v2\/product\/1402"}],"collection":[{"href":"https:\/\/ftgmowi.com\/sv\/wp-json\/wp\/v2\/product"}],"about":[{"href":"https:\/\/ftgmowi.com\/sv\/wp-json\/wp\/v2\/types\/product"}],"replies":[{"embeddable":true,"href":"https:\/\/ftgmowi.com\/sv\/wp-json\/wp\/v2\/comments?post=1402"}],"wp:featuredmedia":[{"embeddable":true,"href":"https:\/\/ftgmowi.com\/sv\/wp-json\/wp\/v2\/media\/1236"}],"wp:attachment":[{"href":"https:\/\/ftgmowi.com\/sv\/wp-json\/wp\/v2\/media?parent=1402"}],"wp:term":[{"taxonomy":"product_cat","embeddable":true,"href":"https:\/\/ftgmowi.com\/sv\/wp-json\/wp\/v2\/product_cat?post=1402"},{"taxonomy":"product_tag","embeddable":true,"href":"https:\/\/ftgmowi.com\/sv\/wp-json\/wp\/v2\/product_tag?post=1402"}],"curies":[{"name":"wp","href":"https:\/\/api.w.org\/{rel}","templated":true}]}}