{"id":1408,"date":"2024-04-17T12:28:28","date_gmt":"2024-04-17T12:28:28","guid":{"rendered":"https:\/\/ftgmowi.com\/product\/rotator-gv6\/"},"modified":"2024-04-24T14:29:58","modified_gmt":"2024-04-24T14:29:58","slug":"rotator-gv6","status":"publish","type":"product","link":"https:\/\/ftgmowi.com\/sv\/produkt\/rotator-gv6\/","title":{"rendered":"Rotator GV6"},"content":{"rendered":"<p>En effektiv runtomsv\u00e4ngande hydraulisk rotator fr\u00e5n Indexator som i storlek passar de st\u00f6rre av v\u00e5ra kranar. Passar Fl\u00e4nsmonterade gripar. <\/p>\n","protected":false},"excerpt":{"rendered":"<p>En effektiv runtomsv\u00e4ngande hydraulisk rotator fr\u00e5n Indexator som i storlek passar de st\u00f6rre av v\u00e5ra kranar. Passar Fl\u00e4nsmonterade gripar.<\/p>\n","protected":false},"featured_media":1212,"comment_status":"closed","ping_status":"closed","template":"","meta":{"_acf_changed":false,"inline_featured_image":false},"product_cat":[56,82],"product_tag":[],"acf":[],"_links":{"self":[{"href":"https:\/\/ftgmowi.com\/sv\/wp-json\/wp\/v2\/product\/1408"}],"collection":[{"href":"https:\/\/ftgmowi.com\/sv\/wp-json\/wp\/v2\/product"}],"about":[{"href":"https:\/\/ftgmowi.com\/sv\/wp-json\/wp\/v2\/types\/product"}],"replies":[{"embeddable":true,"href":"https:\/\/ftgmowi.com\/sv\/wp-json\/wp\/v2\/comments?post=1408"}],"wp:featuredmedia":[{"embeddable":true,"href":"https:\/\/ftgmowi.com\/sv\/wp-json\/wp\/v2\/media\/1212"}],"wp:attachment":[{"href":"https:\/\/ftgmowi.com\/sv\/wp-json\/wp\/v2\/media?parent=1408"}],"wp:term":[{"taxonomy":"product_cat","embeddable":true,"href":"https:\/\/ftgmowi.com\/sv\/wp-json\/wp\/v2\/product_cat?post=1408"},{"taxonomy":"product_tag","embeddable":true,"href":"https:\/\/ftgmowi.com\/sv\/wp-json\/wp\/v2\/product_tag?post=1408"}],"curies":[{"name":"wp","href":"https:\/\/api.w.org\/{rel}","templated":true}]}}