{"id":1411,"date":"2024-04-17T12:22:38","date_gmt":"2024-04-17T10:22:38","guid":{"rendered":"https:\/\/ftgmowi.com\/product\/rotator-cr-400\/"},"modified":"2024-11-27T10:32:22","modified_gmt":"2024-11-27T08:32:22","slug":"rotator-cr400","status":"publish","type":"product","link":"https:\/\/ftgmowi.com\/sv\/produkt\/rotator-cr400\/","title":{"rendered":"Rotator CR400"},"content":{"rendered":"<p>En effektiv runtomsv\u00e4ngande hydraulisk rotator fr\u00e5n Finn-rotor som i storlek passar de flesta av v\u00e5ra kranar. Passar gripar med 59 mm hylsa.<\/p>\n","protected":false},"excerpt":{"rendered":"<p>En effektiv runtomsv\u00e4ngande hydraulisk rotator fr\u00e5n Finn-rotor som i storlek passar de flesta av v\u00e5ra kranar. Passar gripar med 59 mm hylsa.<\/p>\n","protected":false},"featured_media":1199,"comment_status":"closed","ping_status":"closed","template":"","meta":{"_acf_changed":false,"inline_featured_image":false},"product_cat":[56,82],"product_tag":[],"acf":[],"_links":{"self":[{"href":"https:\/\/ftgmowi.com\/sv\/wp-json\/wp\/v2\/product\/1411"}],"collection":[{"href":"https:\/\/ftgmowi.com\/sv\/wp-json\/wp\/v2\/product"}],"about":[{"href":"https:\/\/ftgmowi.com\/sv\/wp-json\/wp\/v2\/types\/product"}],"replies":[{"embeddable":true,"href":"https:\/\/ftgmowi.com\/sv\/wp-json\/wp\/v2\/comments?post=1411"}],"wp:featuredmedia":[{"embeddable":true,"href":"https:\/\/ftgmowi.com\/sv\/wp-json\/wp\/v2\/media\/1199"}],"wp:attachment":[{"href":"https:\/\/ftgmowi.com\/sv\/wp-json\/wp\/v2\/media?parent=1411"}],"wp:term":[{"taxonomy":"product_cat","embeddable":true,"href":"https:\/\/ftgmowi.com\/sv\/wp-json\/wp\/v2\/product_cat?post=1411"},{"taxonomy":"product_tag","embeddable":true,"href":"https:\/\/ftgmowi.com\/sv\/wp-json\/wp\/v2\/product_tag?post=1411"}],"curies":[{"name":"wp","href":"https:\/\/api.w.org\/{rel}","templated":true}]}}