{"id":1413,"date":"2024-04-17T12:20:21","date_gmt":"2024-04-17T10:20:21","guid":{"rendered":"https:\/\/ftgmowi.com\/product\/adapterplatta-49-mm-till-59-mm-axel\/"},"modified":"2024-08-12T15:04:11","modified_gmt":"2024-08-12T13:04:11","slug":"adapterplatta-49-mm-till-59-mm-axel","status":"publish","type":"product","link":"https:\/\/ftgmowi.com\/sv\/produkt\/adapterplatta-49-mm-till-59-mm-axel\/","title":{"rendered":"Adapter 49 mm till 59 mm axel"},"content":{"rendered":"<p>Adapter f\u00f6r att g\u00e5 upp p\u00e5 axeltappens storlek p\u00e5 rotatorn<\/p>\n","protected":false},"excerpt":{"rendered":"<p>Adapter f\u00f6r att g\u00e5 upp p\u00e5 axeltappens storlek p\u00e5 rotatorn<\/p>\n","protected":false},"featured_media":2397,"comment_status":"closed","ping_status":"closed","template":"","meta":{"_acf_changed":false,"inline_featured_image":false},"product_cat":[56,81],"product_tag":[],"acf":[],"_links":{"self":[{"href":"https:\/\/ftgmowi.com\/sv\/wp-json\/wp\/v2\/product\/1413"}],"collection":[{"href":"https:\/\/ftgmowi.com\/sv\/wp-json\/wp\/v2\/product"}],"about":[{"href":"https:\/\/ftgmowi.com\/sv\/wp-json\/wp\/v2\/types\/product"}],"replies":[{"embeddable":true,"href":"https:\/\/ftgmowi.com\/sv\/wp-json\/wp\/v2\/comments?post=1413"}],"wp:featuredmedia":[{"embeddable":true,"href":"https:\/\/ftgmowi.com\/sv\/wp-json\/wp\/v2\/media\/2397"}],"wp:attachment":[{"href":"https:\/\/ftgmowi.com\/sv\/wp-json\/wp\/v2\/media?parent=1413"}],"wp:term":[{"taxonomy":"product_cat","embeddable":true,"href":"https:\/\/ftgmowi.com\/sv\/wp-json\/wp\/v2\/product_cat?post=1413"},{"taxonomy":"product_tag","embeddable":true,"href":"https:\/\/ftgmowi.com\/sv\/wp-json\/wp\/v2\/product_tag?post=1413"}],"curies":[{"name":"wp","href":"https:\/\/api.w.org\/{rel}","templated":true}]}}