{"id":1416,"date":"2024-04-16T13:57:20","date_gmt":"2024-04-16T11:57:20","guid":{"rendered":"https:\/\/ftgmowi.com\/product\/insatsskopor\/"},"modified":"2024-08-12T14:52:44","modified_gmt":"2024-08-12T12:52:44","slug":"insatsskopor","status":"publish","type":"product","link":"https:\/\/ftgmowi.com\/sv\/produkt\/insatsskopor\/","title":{"rendered":"Insatsskopor"},"content":{"rendered":"<p>Satsen med insatsskopor \u00e4r l\u00e4mplig f\u00f6r hantering av l\u00e4tta bulkmaterial som tr\u00e4flis, s\u00e5gsp\u00e5n, spannm\u00e5l och liknande. Satsen inneh\u00e5ller ett par skopor och kl\u00e4mmor f\u00f6r montering p\u00e5 gripen. Du kan v\u00e4lja mellan fyra olika modeller som passar FTG-gripen.<\/p>\n<p>Extra skopsats ger f\u00f6raren maximal kontroll vid hantering av en m\u00e4ngd olika l\u00e4tta laster. Ej l\u00e4mplig f\u00f6r sten, grus, sand etc.<\/p>\n<p>Installationsprocessen f\u00f6r insatsskoporna \u00e4r mycket enkel. L\u00e4tt att montera och ta bort fr\u00e5n gripen.<\/p>\n<p>Satsen levereras med alla komponenter (bultar, brickor, plattor) som kr\u00e4vs f\u00f6r installationen. Grip ing\u00e5r inte i satsen.<\/p>\n<p><strong>FTG MOWI INSATSSKOPOR<\/strong><\/p>\n<table border=\"0\" width=\"100%\">\n<tbody>\n<tr>\n<td width=\"167\"><strong>Insatsskopa<\/strong><br \/>\n(grip ing\u00e5r ej)<\/td>\n<td width=\"102\"><strong>B160L<\/strong><br \/>\n(passar G160L)<\/td>\n<td width=\"93\"><strong>B210S<\/strong><br \/>\n(passar G210S)<\/td>\n<td width=\"92\"><strong>B260L<\/strong><br \/>\n(passar G260L)<\/td>\n<td width=\"92\"><strong>B160<\/strong><br \/>\n(passar FB160)<\/td>\n<td width=\"92\"><strong>B190<\/strong><br \/>\n(passar FB190)<\/td>\n<td width=\"92\"><strong>B260<\/strong><br \/>\n(passar FB260)<\/td>\n<\/tr>\n<tr>\n<td width=\"167\">Volym, L<\/td>\n<td width=\"102\">110<\/td>\n<td width=\"93\">190<\/td>\n<td width=\"92\">200<\/td>\n<td width=\"92\">\u00a0110<\/td>\n<td width=\"92\">120<\/td>\n<td width=\"92\">150<\/td>\n<\/tr>\n<tr>\n<td width=\"167\">L\u00e4ngd, mm<\/td>\n<td width=\"102\">810<\/td>\n<td width=\"93\">800<\/td>\n<td width=\"92\">820<\/td>\n<td width=\"92\">\u00a0582<\/td>\n<td width=\"92\">600<\/td>\n<td width=\"92\">750<\/td>\n<\/tr>\n<tr>\n<td width=\"167\">H\u00f6jd, mm<\/td>\n<td width=\"102\">380<\/td>\n<td width=\"93\">470<\/td>\n<td width=\"92\">520<\/td>\n<td width=\"92\">\u00a0460<\/td>\n<td width=\"92\">460<\/td>\n<td width=\"92\">550<\/td>\n<\/tr>\n<tr>\n<td width=\"167\">Bredd, mm<\/td>\n<td width=\"102\">480<\/td>\n<td width=\"93\">630<\/td>\n<td width=\"92\">80<\/td>\n<td width=\"92\">560<\/td>\n<td width=\"92\">590<\/td>\n<td width=\"92\">650<\/td>\n<\/tr>\n<tr>\n<td width=\"167\">Vikt, kg<\/td>\n<td width=\"102\">45<\/td>\n<td width=\"93\">70<\/td>\n<td width=\"92\">80<\/td>\n<td width=\"92\">\u00a033<\/td>\n<td width=\"92\">35<\/td>\n<td width=\"92\">45<\/td>\n<\/tr>\n<\/tbody>\n<\/table>\n<p>F\u00f6r mer info, kontakta din \u00e5terf\u00f6rs\u00e4ljare<\/p>\n","protected":false},"excerpt":{"rendered":"<p>Satsen med insatsskopor \u00e4r l\u00e4mplig f\u00f6r hantering av l\u00e4tta bulkmaterial som tr\u00e4flis, s\u00e5gsp\u00e5n, spannm\u00e5l och liknande. Satsen inneh\u00e5ller ett par skopor och kl\u00e4mmor f\u00f6r montering p\u00e5 gripen. Du kan v\u00e4lja mellan fyra olika modeller som passar FTG-gripen. Extra skopsats ger f\u00f6raren maximal kontroll vid hantering av en m\u00e4ngd olika l\u00e4tta laster. Ej l\u00e4mplig f\u00f6r sten, [&hellip;]<\/p>\n","protected":false},"featured_media":2138,"comment_status":"closed","ping_status":"closed","template":"","meta":{"_acf_changed":false,"inline_featured_image":false},"product_cat":[56,81],"product_tag":[],"acf":[],"_links":{"self":[{"href":"https:\/\/ftgmowi.com\/sv\/wp-json\/wp\/v2\/product\/1416"}],"collection":[{"href":"https:\/\/ftgmowi.com\/sv\/wp-json\/wp\/v2\/product"}],"about":[{"href":"https:\/\/ftgmowi.com\/sv\/wp-json\/wp\/v2\/types\/product"}],"replies":[{"embeddable":true,"href":"https:\/\/ftgmowi.com\/sv\/wp-json\/wp\/v2\/comments?post=1416"}],"wp:featuredmedia":[{"embeddable":true,"href":"https:\/\/ftgmowi.com\/sv\/wp-json\/wp\/v2\/media\/2138"}],"wp:attachment":[{"href":"https:\/\/ftgmowi.com\/sv\/wp-json\/wp\/v2\/media?parent=1416"}],"wp:term":[{"taxonomy":"product_cat","embeddable":true,"href":"https:\/\/ftgmowi.com\/sv\/wp-json\/wp\/v2\/product_cat?post=1416"},{"taxonomy":"product_tag","embeddable":true,"href":"https:\/\/ftgmowi.com\/sv\/wp-json\/wp\/v2\/product_tag?post=1416"}],"curies":[{"name":"wp","href":"https:\/\/api.w.org\/{rel}","templated":true}]}}