{"id":1417,"date":"2024-04-16T13:43:18","date_gmt":"2024-04-16T11:43:18","guid":{"rendered":"https:\/\/ftgmowi.com\/product\/grip-fb120v\/"},"modified":"2024-08-12T14:45:51","modified_gmt":"2024-08-12T12:45:51","slug":"gripskopa-fb120v","status":"publish","type":"product","link":"https:\/\/ftgmowi.com\/sv\/produkt\/gripskopa-fb120v\/","title":{"rendered":"Gripskopa FB120V"},"content":{"rendered":"<p>FB120V \u00e4r en dikesprofilskopa med V-form och utbytbara t\u00e4nder. Passar de flesta kranar. Fl\u00e4nsmonterad adapterplatta ing\u00e5r 49 alt 59 mm<\/p>\n<p>Bredd V-form \u2013 Vikt 125 kg<\/p>\n","protected":false},"excerpt":{"rendered":"<p>FB120V \u00e4r en dikesprofilskopa med V-form och utbytbara t\u00e4nder. Passar de flesta kranar. Fl\u00e4nsmonterad adapterplatta ing\u00e5r 49 alt 59 mm Bredd V-form \u2013 Vikt 125 kg<\/p>\n","protected":false},"featured_media":1173,"comment_status":"closed","ping_status":"closed","template":"","meta":{"_acf_changed":false,"inline_featured_image":false},"product_cat":[56,81],"product_tag":[],"acf":[],"_links":{"self":[{"href":"https:\/\/ftgmowi.com\/sv\/wp-json\/wp\/v2\/product\/1417"}],"collection":[{"href":"https:\/\/ftgmowi.com\/sv\/wp-json\/wp\/v2\/product"}],"about":[{"href":"https:\/\/ftgmowi.com\/sv\/wp-json\/wp\/v2\/types\/product"}],"replies":[{"embeddable":true,"href":"https:\/\/ftgmowi.com\/sv\/wp-json\/wp\/v2\/comments?post=1417"}],"wp:featuredmedia":[{"embeddable":true,"href":"https:\/\/ftgmowi.com\/sv\/wp-json\/wp\/v2\/media\/1173"}],"wp:attachment":[{"href":"https:\/\/ftgmowi.com\/sv\/wp-json\/wp\/v2\/media?parent=1417"}],"wp:term":[{"taxonomy":"product_cat","embeddable":true,"href":"https:\/\/ftgmowi.com\/sv\/wp-json\/wp\/v2\/product_cat?post=1417"},{"taxonomy":"product_tag","embeddable":true,"href":"https:\/\/ftgmowi.com\/sv\/wp-json\/wp\/v2\/product_tag?post=1417"}],"curies":[{"name":"wp","href":"https:\/\/api.w.org\/{rel}","templated":true}]}}