{"id":1420,"date":"2024-04-16T13:40:06","date_gmt":"2024-04-16T11:40:06","guid":{"rendered":"https:\/\/ftgmowi.com\/product\/risgrip-tg22-pro-sr4\/"},"modified":"2024-08-12T15:07:00","modified_gmt":"2024-08-12T13:07:00","slug":"risgrip-tg22-pro-sr4","status":"publish","type":"product","link":"https:\/\/ftgmowi.com\/sv\/produkt\/risgrip-tg22-pro-sr4\/","title":{"rendered":"Risgrip TG22 Pro SR4"},"content":{"rendered":"<p>TG 22 Pro SR4 \u00e4r en mycket stark och popul\u00e4r risgrip f\u00f6r de medelstora och st\u00f6rre kranarna. Fl\u00e4nsmonterad\/adapterplatta kr\u00e4vs. Passar Mowi P40, P40T, P41, P41T, P50, P50T, P51, P51T<\/p>\n","protected":false},"excerpt":{"rendered":"<p>TG 22 Pro SR4 \u00e4r en mycket stark och popul\u00e4r risgrip f\u00f6r de medelstora och st\u00f6rre kranarna. Fl\u00e4nsmonterad\/adapterplatta kr\u00e4vs. Passar Mowi P40, P40T, P41, P41T, P50, P50T, P51, P51T<\/p>\n","protected":false},"featured_media":2271,"comment_status":"closed","ping_status":"closed","template":"","meta":{"_acf_changed":false,"inline_featured_image":false},"product_cat":[56,81],"product_tag":[],"acf":[],"_links":{"self":[{"href":"https:\/\/ftgmowi.com\/sv\/wp-json\/wp\/v2\/product\/1420"}],"collection":[{"href":"https:\/\/ftgmowi.com\/sv\/wp-json\/wp\/v2\/product"}],"about":[{"href":"https:\/\/ftgmowi.com\/sv\/wp-json\/wp\/v2\/types\/product"}],"replies":[{"embeddable":true,"href":"https:\/\/ftgmowi.com\/sv\/wp-json\/wp\/v2\/comments?post=1420"}],"wp:featuredmedia":[{"embeddable":true,"href":"https:\/\/ftgmowi.com\/sv\/wp-json\/wp\/v2\/media\/2271"}],"wp:attachment":[{"href":"https:\/\/ftgmowi.com\/sv\/wp-json\/wp\/v2\/media?parent=1420"}],"wp:term":[{"taxonomy":"product_cat","embeddable":true,"href":"https:\/\/ftgmowi.com\/sv\/wp-json\/wp\/v2\/product_cat?post=1420"},{"taxonomy":"product_tag","embeddable":true,"href":"https:\/\/ftgmowi.com\/sv\/wp-json\/wp\/v2\/product_tag?post=1420"}],"curies":[{"name":"wp","href":"https:\/\/api.w.org\/{rel}","templated":true}]}}