{"id":1422,"date":"2024-04-16T13:27:46","date_gmt":"2024-04-16T11:27:46","guid":{"rendered":"https:\/\/ftgmowi.com\/product\/risgrip-hsp-g210sr\/"},"modified":"2024-08-14T09:47:21","modified_gmt":"2024-08-14T07:47:21","slug":"risgrip-g210sr","status":"publish","type":"product","link":"https:\/\/ftgmowi.com\/sv\/produkt\/risgrip-g210sr\/","title":{"rendered":"Risgrip G210SR"},"content":{"rendered":"<p>G210SR \u00e4r en popul\u00e4r risgrip f\u00f6r de medelstora och st\u00f6rre kranarna. Axeltapp 49 alt 59 mm. Passar Mowi P30, P30T, P31T, P40, P40T, P41, P41T, P50, P50T, P51 och P51T<\/p>\n","protected":false},"excerpt":{"rendered":"<p>G210SR \u00e4r en popul\u00e4r risgrip f\u00f6r de medelstora och st\u00f6rre kranarna. Axeltapp 49 alt 59 mm. Passar Mowi P30, P30T, P31T, P40, P40T, P41, P41T, P50, P50T, P51 och P51T<\/p>\n","protected":false},"featured_media":1156,"comment_status":"closed","ping_status":"closed","template":"","meta":{"_acf_changed":false,"inline_featured_image":false},"product_cat":[56,81],"product_tag":[],"acf":[],"_links":{"self":[{"href":"https:\/\/ftgmowi.com\/sv\/wp-json\/wp\/v2\/product\/1422"}],"collection":[{"href":"https:\/\/ftgmowi.com\/sv\/wp-json\/wp\/v2\/product"}],"about":[{"href":"https:\/\/ftgmowi.com\/sv\/wp-json\/wp\/v2\/types\/product"}],"replies":[{"embeddable":true,"href":"https:\/\/ftgmowi.com\/sv\/wp-json\/wp\/v2\/comments?post=1422"}],"wp:featuredmedia":[{"embeddable":true,"href":"https:\/\/ftgmowi.com\/sv\/wp-json\/wp\/v2\/media\/1156"}],"wp:attachment":[{"href":"https:\/\/ftgmowi.com\/sv\/wp-json\/wp\/v2\/media?parent=1422"}],"wp:term":[{"taxonomy":"product_cat","embeddable":true,"href":"https:\/\/ftgmowi.com\/sv\/wp-json\/wp\/v2\/product_cat?post=1422"},{"taxonomy":"product_tag","embeddable":true,"href":"https:\/\/ftgmowi.com\/sv\/wp-json\/wp\/v2\/product_tag?post=1422"}],"curies":[{"name":"wp","href":"https:\/\/api.w.org\/{rel}","templated":true}]}}