{"id":1423,"date":"2024-04-16T13:26:50","date_gmt":"2024-04-16T11:26:50","guid":{"rendered":"https:\/\/ftgmowi.com\/product\/grip-hsp-020-bio\/"},"modified":"2024-08-12T14:20:04","modified_gmt":"2024-08-12T12:20:04","slug":"grip-hsp-020-bio","status":"publish","type":"product","link":"https:\/\/ftgmowi.com\/sv\/produkt\/grip-hsp-020-bio\/","title":{"rendered":"Risgrip HSP 020 BIO"},"content":{"rendered":"<p>HSP 020 BIO \u00e4r en risgrip framtagen f\u00f6r snabb och enkel hantering av ris, grot och annat som ska huggas till br\u00e4nsleflis. BIO bygger p\u00e5 samma grund som Standard men har dubbla materialtjockleken i klorna anpassad f\u00f6r de mindre och mellanstora kranarna. Fl\u00e4nsmonterad\/adapterplatta kr\u00e4vs. Passar Mowi P40, P40T, P41, P41T, P50, P50T, P51 och P51T.<\/p>\n","protected":false},"excerpt":{"rendered":"<p>HSP 020 BIO \u00e4r en risgrip framtagen f\u00f6r snabb och enkel hantering av ris, grot och annat som ska huggas till br\u00e4nsleflis. BIO bygger p\u00e5 samma grund som Standard men har dubbla materialtjockleken i klorna anpassad f\u00f6r de mindre och mellanstora kranarna. Fl\u00e4nsmonterad\/adapterplatta kr\u00e4vs. Passar Mowi P40, P40T, P41, P41T, P50, P50T, P51 och P51T.<\/p>\n","protected":false},"featured_media":1152,"comment_status":"closed","ping_status":"closed","template":"","meta":{"_acf_changed":false,"inline_featured_image":false},"product_cat":[56,81],"product_tag":[],"acf":[],"_links":{"self":[{"href":"https:\/\/ftgmowi.com\/sv\/wp-json\/wp\/v2\/product\/1423"}],"collection":[{"href":"https:\/\/ftgmowi.com\/sv\/wp-json\/wp\/v2\/product"}],"about":[{"href":"https:\/\/ftgmowi.com\/sv\/wp-json\/wp\/v2\/types\/product"}],"replies":[{"embeddable":true,"href":"https:\/\/ftgmowi.com\/sv\/wp-json\/wp\/v2\/comments?post=1423"}],"wp:featuredmedia":[{"embeddable":true,"href":"https:\/\/ftgmowi.com\/sv\/wp-json\/wp\/v2\/media\/1152"}],"wp:attachment":[{"href":"https:\/\/ftgmowi.com\/sv\/wp-json\/wp\/v2\/media?parent=1423"}],"wp:term":[{"taxonomy":"product_cat","embeddable":true,"href":"https:\/\/ftgmowi.com\/sv\/wp-json\/wp\/v2\/product_cat?post=1423"},{"taxonomy":"product_tag","embeddable":true,"href":"https:\/\/ftgmowi.com\/sv\/wp-json\/wp\/v2\/product_tag?post=1423"}],"curies":[{"name":"wp","href":"https:\/\/api.w.org\/{rel}","templated":true}]}}