{"id":1425,"date":"2024-04-16T13:22:57","date_gmt":"2024-04-16T11:22:57","guid":{"rendered":"https:\/\/ftgmowi.com\/product\/grip-hsp-017\/"},"modified":"2024-08-12T14:15:19","modified_gmt":"2024-08-12T12:15:19","slug":"grip-hsp-017","status":"publish","type":"product","link":"https:\/\/ftgmowi.com\/sv\/produkt\/grip-hsp-017\/","title":{"rendered":"Virkesgrip HSP 017"},"content":{"rendered":"<p>Design och utformning av klorna m\u00f6jligg\u00f6r en mjuk inrullning, h\u00f6g fyllnadsgrad och att lasten stannar p\u00e5 plats. Denna grip arbetar snabbt och l\u00e4tt i alla typer av material. Eftersom alla v\u00e5ra gripar \u00e4r l\u00e5gbyggda och relativt l\u00e4tta f\u00e5r du ocks\u00e5 extra lyfth\u00f6jd och enklare transporter. Passar Mowi P30, P30T, P31T, P40. P40T, P41, P41T, P50, P50T, P51 och P51T<\/p>\n","protected":false},"excerpt":{"rendered":"<p>Design och utformning av klorna m\u00f6jligg\u00f6r en mjuk inrullning, h\u00f6g fyllnadsgrad och att lasten stannar p\u00e5 plats. Denna grip arbetar snabbt och l\u00e4tt i alla typer av material. Eftersom alla v\u00e5ra gripar \u00e4r l\u00e5gbyggda och relativt l\u00e4tta f\u00e5r du ocks\u00e5 extra lyfth\u00f6jd och enklare transporter. Passar Mowi P30, P30T, P31T, P40. P40T, P41, P41T, P50, [&hellip;]<\/p>\n","protected":false},"featured_media":2391,"comment_status":"closed","ping_status":"closed","template":"","meta":{"_acf_changed":false,"inline_featured_image":false},"product_cat":[56,81],"product_tag":[],"acf":[],"_links":{"self":[{"href":"https:\/\/ftgmowi.com\/sv\/wp-json\/wp\/v2\/product\/1425"}],"collection":[{"href":"https:\/\/ftgmowi.com\/sv\/wp-json\/wp\/v2\/product"}],"about":[{"href":"https:\/\/ftgmowi.com\/sv\/wp-json\/wp\/v2\/types\/product"}],"replies":[{"embeddable":true,"href":"https:\/\/ftgmowi.com\/sv\/wp-json\/wp\/v2\/comments?post=1425"}],"wp:featuredmedia":[{"embeddable":true,"href":"https:\/\/ftgmowi.com\/sv\/wp-json\/wp\/v2\/media\/2391"}],"wp:attachment":[{"href":"https:\/\/ftgmowi.com\/sv\/wp-json\/wp\/v2\/media?parent=1425"}],"wp:term":[{"taxonomy":"product_cat","embeddable":true,"href":"https:\/\/ftgmowi.com\/sv\/wp-json\/wp\/v2\/product_cat?post=1425"},{"taxonomy":"product_tag","embeddable":true,"href":"https:\/\/ftgmowi.com\/sv\/wp-json\/wp\/v2\/product_tag?post=1425"}],"curies":[{"name":"wp","href":"https:\/\/api.w.org\/{rel}","templated":true}]}}