{"id":1426,"date":"2024-04-16T13:21:45","date_gmt":"2024-04-16T11:21:45","guid":{"rendered":"https:\/\/ftgmowi.com\/product\/grip-hsp-020\/"},"modified":"2024-08-12T14:16:36","modified_gmt":"2024-08-12T12:16:36","slug":"grip-hsp-020","status":"publish","type":"product","link":"https:\/\/ftgmowi.com\/sv\/produkt\/grip-hsp-020\/","title":{"rendered":"Virkesgrip HSP 020"},"content":{"rendered":"<p>HSP 020 \u00e4r en grip designad och utformad f\u00f6r en mjuk inrullning anpassad f\u00f6r de mellanstora kranarna. Fl\u00e4nsmonterad\/adapterplatta kr\u00e4vs. Passar Mowi P50, P50T, P51 och P51T<\/p>\n","protected":false},"excerpt":{"rendered":"<p>HSP 020 \u00e4r en grip designad och utformad f\u00f6r en mjuk inrullning anpassad f\u00f6r de mellanstora kranarna. Fl\u00e4nsmonterad\/adapterplatta kr\u00e4vs. Passar Mowi P50, P50T, P51 och P51T<\/p>\n","protected":false},"featured_media":2393,"comment_status":"closed","ping_status":"closed","template":"","meta":{"_acf_changed":false,"inline_featured_image":false},"product_cat":[56,81],"product_tag":[],"acf":[],"_links":{"self":[{"href":"https:\/\/ftgmowi.com\/sv\/wp-json\/wp\/v2\/product\/1426"}],"collection":[{"href":"https:\/\/ftgmowi.com\/sv\/wp-json\/wp\/v2\/product"}],"about":[{"href":"https:\/\/ftgmowi.com\/sv\/wp-json\/wp\/v2\/types\/product"}],"replies":[{"embeddable":true,"href":"https:\/\/ftgmowi.com\/sv\/wp-json\/wp\/v2\/comments?post=1426"}],"wp:featuredmedia":[{"embeddable":true,"href":"https:\/\/ftgmowi.com\/sv\/wp-json\/wp\/v2\/media\/2393"}],"wp:attachment":[{"href":"https:\/\/ftgmowi.com\/sv\/wp-json\/wp\/v2\/media?parent=1426"}],"wp:term":[{"taxonomy":"product_cat","embeddable":true,"href":"https:\/\/ftgmowi.com\/sv\/wp-json\/wp\/v2\/product_cat?post=1426"},{"taxonomy":"product_tag","embeddable":true,"href":"https:\/\/ftgmowi.com\/sv\/wp-json\/wp\/v2\/product_tag?post=1426"}],"curies":[{"name":"wp","href":"https:\/\/api.w.org\/{rel}","templated":true}]}}