{"id":1427,"date":"2024-04-16T13:19:27","date_gmt":"2024-04-16T11:19:27","guid":{"rendered":"https:\/\/ftgmowi.com\/product\/grip-hsp-015\/"},"modified":"2024-08-12T14:14:25","modified_gmt":"2024-08-12T12:14:25","slug":"grip-hsp-015","status":"publish","type":"product","link":"https:\/\/ftgmowi.com\/sv\/produkt\/grip-hsp-015\/","title":{"rendered":"Virkesgrip HSP 015"},"content":{"rendered":"<p>HSP 015 \u00e4r en grip d\u00e4r design och utformning ger en mjuk inrullning anpassad f\u00f6r de mellanstora kranarna. Fl\u00e4nsmonterad\/adapterplatta kr\u00e4vs. Passar Mowi P40, P40T, P41 och P41T,<\/p>\n","protected":false},"excerpt":{"rendered":"<p>HSP 015 \u00e4r en grip d\u00e4r design och utformning ger en mjuk inrullning anpassad f\u00f6r de mellanstora kranarna. Fl\u00e4nsmonterad\/adapterplatta kr\u00e4vs. Passar Mowi P40, P40T, P41 och P41T,<\/p>\n","protected":false},"featured_media":2273,"comment_status":"closed","ping_status":"closed","template":"","meta":{"_acf_changed":false,"inline_featured_image":false},"product_cat":[56,81],"product_tag":[],"acf":[],"_links":{"self":[{"href":"https:\/\/ftgmowi.com\/sv\/wp-json\/wp\/v2\/product\/1427"}],"collection":[{"href":"https:\/\/ftgmowi.com\/sv\/wp-json\/wp\/v2\/product"}],"about":[{"href":"https:\/\/ftgmowi.com\/sv\/wp-json\/wp\/v2\/types\/product"}],"replies":[{"embeddable":true,"href":"https:\/\/ftgmowi.com\/sv\/wp-json\/wp\/v2\/comments?post=1427"}],"wp:featuredmedia":[{"embeddable":true,"href":"https:\/\/ftgmowi.com\/sv\/wp-json\/wp\/v2\/media\/2273"}],"wp:attachment":[{"href":"https:\/\/ftgmowi.com\/sv\/wp-json\/wp\/v2\/media?parent=1427"}],"wp:term":[{"taxonomy":"product_cat","embeddable":true,"href":"https:\/\/ftgmowi.com\/sv\/wp-json\/wp\/v2\/product_cat?post=1427"},{"taxonomy":"product_tag","embeddable":true,"href":"https:\/\/ftgmowi.com\/sv\/wp-json\/wp\/v2\/product_tag?post=1427"}],"curies":[{"name":"wp","href":"https:\/\/api.w.org\/{rel}","templated":true}]}}