{"id":1428,"date":"2024-04-16T13:17:03","date_gmt":"2024-04-16T11:17:03","guid":{"rendered":"https:\/\/ftgmowi.com\/product\/grip-fb260\/"},"modified":"2024-08-12T14:11:38","modified_gmt":"2024-08-12T12:11:38","slug":"grip-fb260","status":"publish","type":"product","link":"https:\/\/ftgmowi.com\/sv\/produkt\/grip-fb260\/","title":{"rendered":"Virkesgrip FB260"},"content":{"rendered":"<p>FB260 \u00e4r en grip f\u00f6r de st\u00f6rre kranarna. Fl\u00e4nsmonterad\/adapterplatta kr\u00e4vs. Passar Mowi P50, P50T, P51, P51T<\/p>\n","protected":false},"excerpt":{"rendered":"<p>FB260 \u00e4r en grip f\u00f6r de st\u00f6rre kranarna. Fl\u00e4nsmonterad\/adapterplatta kr\u00e4vs. Passar Mowi P50, P50T, P51, P51T<\/p>\n","protected":false},"featured_media":1129,"comment_status":"closed","ping_status":"closed","template":"","meta":{"_acf_changed":false,"inline_featured_image":false},"product_cat":[56,81],"product_tag":[],"acf":[],"_links":{"self":[{"href":"https:\/\/ftgmowi.com\/sv\/wp-json\/wp\/v2\/product\/1428"}],"collection":[{"href":"https:\/\/ftgmowi.com\/sv\/wp-json\/wp\/v2\/product"}],"about":[{"href":"https:\/\/ftgmowi.com\/sv\/wp-json\/wp\/v2\/types\/product"}],"replies":[{"embeddable":true,"href":"https:\/\/ftgmowi.com\/sv\/wp-json\/wp\/v2\/comments?post=1428"}],"wp:featuredmedia":[{"embeddable":true,"href":"https:\/\/ftgmowi.com\/sv\/wp-json\/wp\/v2\/media\/1129"}],"wp:attachment":[{"href":"https:\/\/ftgmowi.com\/sv\/wp-json\/wp\/v2\/media?parent=1428"}],"wp:term":[{"taxonomy":"product_cat","embeddable":true,"href":"https:\/\/ftgmowi.com\/sv\/wp-json\/wp\/v2\/product_cat?post=1428"},{"taxonomy":"product_tag","embeddable":true,"href":"https:\/\/ftgmowi.com\/sv\/wp-json\/wp\/v2\/product_tag?post=1428"}],"curies":[{"name":"wp","href":"https:\/\/api.w.org\/{rel}","templated":true}]}}