{"id":1432,"date":"2024-04-16T13:09:25","date_gmt":"2024-04-16T11:09:25","guid":{"rendered":"https:\/\/ftgmowi.com\/product\/grip-fb160\/"},"modified":"2024-08-12T13:35:11","modified_gmt":"2024-08-12T11:35:11","slug":"grip-fb160","status":"publish","type":"product","link":"https:\/\/ftgmowi.com\/sv\/produkt\/grip-fb160\/","title":{"rendered":"Virkesgrip FB160"},"content":{"rendered":"<p>En grip f\u00f6r de mindre kranarna och utvecklad f\u00f6r hantering av ved, massaved och l\u00e4ttare timmer.<\/p>\n<p>Gripens ram och armar \u00e4r tillverkade i h\u00f6gkvalitativt st\u00e5lmaterial som s\u00e4kerst\u00e4ller tillf\u00f6rlitlig och s\u00e4ker funktion.<\/p>\n<p>Kraftig konstruktion kombinerad med l\u00e5g vikt \u00e4r viktiga egenskaper som vi tagit h\u00e4nsyn till vid v\u00e5r utveckling av gripar.<\/p>\n<p>FB160 passar Mowi P20, P25<\/p>\n","protected":false},"excerpt":{"rendered":"<p>En grip f\u00f6r de mindre kranarna och utvecklad f\u00f6r hantering av ved, massaved och l\u00e4ttare timmer. Gripens ram och armar \u00e4r tillverkade i h\u00f6gkvalitativt st\u00e5lmaterial som s\u00e4kerst\u00e4ller tillf\u00f6rlitlig och s\u00e4ker funktion. Kraftig konstruktion kombinerad med l\u00e5g vikt \u00e4r viktiga egenskaper som vi tagit h\u00e4nsyn till vid v\u00e5r utveckling av gripar. FB160 passar Mowi P20, P25<\/p>\n","protected":false},"featured_media":2389,"comment_status":"closed","ping_status":"closed","template":"","meta":{"_acf_changed":false,"inline_featured_image":false},"product_cat":[56,81],"product_tag":[],"acf":[],"_links":{"self":[{"href":"https:\/\/ftgmowi.com\/sv\/wp-json\/wp\/v2\/product\/1432"}],"collection":[{"href":"https:\/\/ftgmowi.com\/sv\/wp-json\/wp\/v2\/product"}],"about":[{"href":"https:\/\/ftgmowi.com\/sv\/wp-json\/wp\/v2\/types\/product"}],"replies":[{"embeddable":true,"href":"https:\/\/ftgmowi.com\/sv\/wp-json\/wp\/v2\/comments?post=1432"}],"wp:featuredmedia":[{"embeddable":true,"href":"https:\/\/ftgmowi.com\/sv\/wp-json\/wp\/v2\/media\/2389"}],"wp:attachment":[{"href":"https:\/\/ftgmowi.com\/sv\/wp-json\/wp\/v2\/media?parent=1432"}],"wp:term":[{"taxonomy":"product_cat","embeddable":true,"href":"https:\/\/ftgmowi.com\/sv\/wp-json\/wp\/v2\/product_cat?post=1432"},{"taxonomy":"product_tag","embeddable":true,"href":"https:\/\/ftgmowi.com\/sv\/wp-json\/wp\/v2\/product_tag?post=1432"}],"curies":[{"name":"wp","href":"https:\/\/api.w.org\/{rel}","templated":true}]}}