{"id":1433,"date":"2024-04-16T13:03:33","date_gmt":"2024-04-16T13:03:33","guid":{"rendered":"https:\/\/ftgmowi.com\/product\/stegmatare-425c\/"},"modified":"2024-06-17T11:29:58","modified_gmt":"2024-06-17T11:29:58","slug":"nisula-425c","status":"publish","type":"product","link":"https:\/\/ftgmowi.com\/sv\/produkt\/nisula-425c\/","title":{"rendered":"Nisula Sk\u00f6rdaraggregat 425C"},"content":{"rendered":"<h4>MERA EGENSKAPER F\u00d6R AVVERKNING<\/h4>\n<p>Nisula 425C \u00e4r ett flerfunktionsaggregat med griparmar, med vilket hanteringen och sorteringen av timmer sker utan problem. Styrsystemet NCU3 anpassar griparmarnas gripkraft till den aktuella stammen vilket g\u00f6r att aggregatet har ett fast grepp om stammen under f\u00e4llning, matning och f\u00f6rflyttning. Vid kombinerad anv\u00e4ndning m\u00f6jligg\u00f6r de separata griparmarna \u00e4ven lastning utan byte av grip.<\/p>\n<p>Vid f\u00e4llning och flyttning av gr\u00f6vre och tyngre stammar h\u00e5ller griparmarna ett stadigt grepp runt stammen. N\u00e4r inmatningen inleds reduceras gripkraften f\u00f6r att minimera friktion. Styrsystemet har ett inst\u00e4llt diametergr\u00e4nsv\u00e4rde f\u00f6r anv\u00e4ndningen av griparmarna ocks\u00e5 n\u00e4r avverkning p\u00e5g\u00e5r. Vid behov kan inst\u00e4llningarna justeras via styrsystemet, men oftast fungerar gripen b\u00e4st med standardinst\u00e4llningarna.<\/p>\n<p>Nya, kraftigare drivmotorer \u00f6kar matningskapaciteten med 20 % j\u00e4mf\u00f6rt med den f\u00f6rra modellen. Nya maskinbearbetade framknivar ger b\u00e4ttre kvistningseffektivitet och h\u00e5llbarhet samt st\u00f6rre kvistningsdiameter j\u00e4mf\u00f6rt med den tidigare C-modellen. 425C har extrafunktioner f\u00f6r gallring.<\/p>\n","protected":false},"excerpt":{"rendered":"<h3>TEKNISKA DATA<\/h3>\n<div class=\"table-responsive\">\n<table>\n<tbody>\n<tr>\n<td>Vikt, kg<\/td>\n<td><strong>425<\/strong><\/td>\n<\/tr>\n<tr>\n<td>Renkvistning \u00d8, mm<\/td>\n<td><strong>300<\/strong><\/td>\n<\/tr>\n<tr>\n<td>Max. kapningsdiameter \u00d8, mm (1 stam)<\/td>\n<td><strong>425<\/strong><\/td>\n<\/tr>\n<tr>\n<td>Antal kvistningsknivar<\/td>\n<td><strong>2 + 1<\/strong><\/td>\n<\/tr>\n<tr>\n<td>Framknivarnas \u00f6ppning, mm<\/td>\n<td><strong>430<\/strong><\/td>\n<\/tr>\n<tr>\n<td>Griparmarnas \u00f6ppning, mm<\/td>\n<td><strong>920<\/strong><\/td>\n<\/tr>\n<tr>\n<td>Bredd i kvistningsl\u00e4get, mm (\u00f6ppen\/st\u00e4ngd)<\/td>\n<td><strong>1100\/940<\/strong><\/td>\n<\/tr>\n<tr>\n<td>H\u00f6jd i kvistningsl\u00e4get, mm<\/td>\n<td><strong>880<\/strong><\/td>\n<\/tr>\n<tr>\n<td>H\u00f6jd i f\u00e4llningsl\u00e4get, mm<\/td>\n<td><strong>880<\/strong><\/td>\n<\/tr>\n<tr>\n<td>Arbetstryck, bar<\/td>\n<td><strong>210<\/strong><\/td>\n<\/tr>\n<tr>\n<td>Oljebehov, l\/min<\/td>\n<td><strong>120-150<\/strong><\/td>\n<\/tr>\n<\/tbody>\n<\/table>\n<\/div>\n","protected":false},"featured_media":1102,"comment_status":"closed","ping_status":"closed","template":"","meta":{"_acf_changed":false,"inline_featured_image":false},"product_cat":[56,90],"product_tag":[],"acf":[],"_links":{"self":[{"href":"https:\/\/ftgmowi.com\/sv\/wp-json\/wp\/v2\/product\/1433"}],"collection":[{"href":"https:\/\/ftgmowi.com\/sv\/wp-json\/wp\/v2\/product"}],"about":[{"href":"https:\/\/ftgmowi.com\/sv\/wp-json\/wp\/v2\/types\/product"}],"replies":[{"embeddable":true,"href":"https:\/\/ftgmowi.com\/sv\/wp-json\/wp\/v2\/comments?post=1433"}],"wp:featuredmedia":[{"embeddable":true,"href":"https:\/\/ftgmowi.com\/sv\/wp-json\/wp\/v2\/media\/1102"}],"wp:attachment":[{"href":"https:\/\/ftgmowi.com\/sv\/wp-json\/wp\/v2\/media?parent=1433"}],"wp:term":[{"taxonomy":"product_cat","embeddable":true,"href":"https:\/\/ftgmowi.com\/sv\/wp-json\/wp\/v2\/product_cat?post=1433"},{"taxonomy":"product_tag","embeddable":true,"href":"https:\/\/ftgmowi.com\/sv\/wp-json\/wp\/v2\/product_tag?post=1433"}],"curies":[{"name":"wp","href":"https:\/\/api.w.org\/{rel}","templated":true}]}}