{"id":1434,"date":"2024-04-16T12:59:22","date_gmt":"2024-04-16T12:59:22","guid":{"rendered":"https:\/\/ftgmowi.com\/product\/stegmatare-325h\/"},"modified":"2024-06-17T11:27:28","modified_gmt":"2024-06-17T11:27:28","slug":"nisula-325h","status":"publish","type":"product","link":"https:\/\/ftgmowi.com\/sv\/produkt\/nisula-325h\/","title":{"rendered":"Nisula Sk\u00f6rdaraggregat 325H"},"content":{"rendered":"<h4><strong>NUMMER ETT BLAND L\u00c4TTA SK\u00d6RDARAGGREGAT<\/strong><\/h4>\n<p>Sk\u00f6rdaraggregatet Nisula 325H \u00e4r s\u00e4rskilt l\u00e4mpligt f\u00f6r f\u00f6rstagallring och sk\u00f6rdning av kvistad energiskog. Det \u00e4r v\u00e4ger inte mycket, och anv\u00e4ndarv\u00e4nligheten g\u00f6r att arbetet g\u00e5r snabbt och smidig. Gripen \u00e4r utrustad med en fast och tre r\u00f6rliga kvistknivar.<\/p>\n<p>Basmodellens fj\u00e4derf\u00f6rsedda knivar f\u00f6ljer automatiskt tr\u00e4dstammens former under kvistningen. Vid normala stamformer \u00e4r det \u00e4ven den enklaste l\u00f6sningen f\u00f6r f\u00f6raren. Framknivarna kan \u00e4ven f\u00f6rses med cylindrar om kvistningsf\u00f6rh\u00e5llandena kr\u00e4ver det. Cylindrarna m\u00f6jligg\u00f6r \u00f6ppning av framknivarna under matningen. Funktionen \u00e4r n\u00f6dv\u00e4ndig t.ex. om arbetsplatsens skogsomr\u00e5den best\u00e5r krokiga tr\u00e4dstammar eller n\u00e4r m\u00e4ngden l\u00f6vtr\u00e4d som ska hanteras \u00e4r stor.<\/p>\n","protected":false},"excerpt":{"rendered":"<p>NUMMER ETT BLAND L\u00c4TTA SK\u00d6RDARAGGREGAT Sk\u00f6rdaraggregatet Nisula 325H \u00e4r s\u00e4rskilt l\u00e4mpligt f\u00f6r f\u00f6rstagallring och sk\u00f6rdning av kvistad energiskog. Det \u00e4r v\u00e4ger inte mycket, och anv\u00e4ndarv\u00e4nligheten g\u00f6r att arbetet g\u00e5r snabbt och smidig. Gripen \u00e4r utrustad med en fast och tre r\u00f6rliga kvistknivar. Basmodellens fj\u00e4derf\u00f6rsedda knivar f\u00f6ljer automatiskt tr\u00e4dstammens former under kvistningen. Vid normala stamformer \u00e4r [&hellip;]<\/p>\n","protected":false},"featured_media":1073,"comment_status":"closed","ping_status":"closed","template":"","meta":{"_acf_changed":false,"inline_featured_image":false},"product_cat":[56,90],"product_tag":[],"acf":[],"_links":{"self":[{"href":"https:\/\/ftgmowi.com\/sv\/wp-json\/wp\/v2\/product\/1434"}],"collection":[{"href":"https:\/\/ftgmowi.com\/sv\/wp-json\/wp\/v2\/product"}],"about":[{"href":"https:\/\/ftgmowi.com\/sv\/wp-json\/wp\/v2\/types\/product"}],"replies":[{"embeddable":true,"href":"https:\/\/ftgmowi.com\/sv\/wp-json\/wp\/v2\/comments?post=1434"}],"wp:featuredmedia":[{"embeddable":true,"href":"https:\/\/ftgmowi.com\/sv\/wp-json\/wp\/v2\/media\/1073"}],"wp:attachment":[{"href":"https:\/\/ftgmowi.com\/sv\/wp-json\/wp\/v2\/media?parent=1434"}],"wp:term":[{"taxonomy":"product_cat","embeddable":true,"href":"https:\/\/ftgmowi.com\/sv\/wp-json\/wp\/v2\/product_cat?post=1434"},{"taxonomy":"product_tag","embeddable":true,"href":"https:\/\/ftgmowi.com\/sv\/wp-json\/wp\/v2\/product_tag?post=1434"}],"curies":[{"name":"wp","href":"https:\/\/api.w.org\/{rel}","templated":true}]}}