{"id":1440,"date":"2024-04-16T11:48:26","date_gmt":"2024-04-16T11:48:26","guid":{"rendered":"https:\/\/ftgmowi.com\/product\/naarva-skordaraggregat-s23c\/"},"modified":"2024-06-17T11:42:21","modified_gmt":"2024-06-17T11:42:21","slug":"naarva-s23c","status":"publish","type":"product","link":"https:\/\/ftgmowi.com\/sv\/produkt\/naarva-s23c\/","title":{"rendered":"Naarva Sk\u00f6rdaraggregat S23C"},"content":{"rendered":"<div class=\"col-m-12\">\n<section class=\"article-body\">\n<div class=\"product-content\">\n<h3>L\u00c4TT OCH ENKEL<\/h3>\n<p>Modellerna S23 och S23C \u00e4r enkla och l\u00e4ttmonterade el-oberoende stegmatarer. Modellen S23C \u00e4r utrustad med en kaps\u00e5g. S23 eller S23C stegmataren monteras p\u00e5 samma plats som lastningsgripen. Den beh\u00f6ver varken kablar eller extra hydraulik. Alla funktioner styrs med gripens \u00f6ppnings-\/st\u00e4ngningsventil.<\/p>\n<p>Stegmataren kan \u00e4ven monteras p\u00e5 en gr\u00e4vmaskin. F\u00f6r gr\u00e4vmaskiner kan vi erbjuda en f\u00f6rl\u00e4ngningsbom. Paketet med f\u00f6rl\u00e4ngningsbommen inneh\u00e5ller en bom med 1,5 meters r\u00e4ckvidd och en st\u00f6dfot, snabbkoppling f\u00f6r gr\u00e4vmaskin, rotator, l\u00e4nk och all n\u00f6dv\u00e4ndig hydraulik.<br \/>\nEn stegmatare v\u00e4ger endast 235 kg och behovet av olja \u00e4r litet, och den l\u00e4mpar sig f\u00f6r lastningsmaskiner i alla storlekar och f\u00f6r sm\u00e5 gr\u00e4vmaskiner. Stegmatarens tilt \u00e4r mekanisk och den l\u00e5ses i det \u00f6vre l\u00e4get av slagr\u00f6relsen. Tr\u00e4det faller av sin egen tyngd, n\u00e4r tilten frig\u00f6rs genom att k\u00f6ra in slaget en aning. Den fram-och-\u00e5terg\u00e5ende gallringsr\u00f6relsen sker genom att v\u00e4xla ventilens riktning och gallringsbettens och gript\u00e4ngernas kompression fungerar automatiskt med sekvensventiler.<\/p>\n<p>Kapningsgiljotinen eller -s\u00e5gen utf\u00f6r kapningen, n\u00e4r slaget k\u00f6rs ut till den yttersta positionen och trycket stiger. Gallringsbetten och gript\u00e4ngerna \u00f6ppnar sig helt, n\u00e4r slaget k\u00f6rs in och trycket stiger.<\/p>\n<\/div>\n<\/section>\n<\/div>\n","protected":false},"excerpt":{"rendered":"<p>L\u00c4TT OCH ENKEL Modellerna S23 och S23C \u00e4r enkla och l\u00e4ttmonterade el-oberoende stegmatarer. Modellen S23C \u00e4r utrustad med en kaps\u00e5g. S23 eller S23C stegmataren monteras p\u00e5 samma plats som lastningsgripen. Den beh\u00f6ver varken kablar eller extra hydraulik. Alla funktioner styrs med gripens \u00f6ppnings-\/st\u00e4ngningsventil. Stegmataren kan \u00e4ven monteras p\u00e5 en gr\u00e4vmaskin. F\u00f6r gr\u00e4vmaskiner kan vi erbjuda [&hellip;]<\/p>\n","protected":false},"featured_media":1024,"comment_status":"closed","ping_status":"closed","template":"","meta":{"_acf_changed":false,"inline_featured_image":false},"product_cat":[56,90],"product_tag":[],"acf":[],"_links":{"self":[{"href":"https:\/\/ftgmowi.com\/sv\/wp-json\/wp\/v2\/product\/1440"}],"collection":[{"href":"https:\/\/ftgmowi.com\/sv\/wp-json\/wp\/v2\/product"}],"about":[{"href":"https:\/\/ftgmowi.com\/sv\/wp-json\/wp\/v2\/types\/product"}],"replies":[{"embeddable":true,"href":"https:\/\/ftgmowi.com\/sv\/wp-json\/wp\/v2\/comments?post=1440"}],"wp:featuredmedia":[{"embeddable":true,"href":"https:\/\/ftgmowi.com\/sv\/wp-json\/wp\/v2\/media\/1024"}],"wp:attachment":[{"href":"https:\/\/ftgmowi.com\/sv\/wp-json\/wp\/v2\/media?parent=1440"}],"wp:term":[{"taxonomy":"product_cat","embeddable":true,"href":"https:\/\/ftgmowi.com\/sv\/wp-json\/wp\/v2\/product_cat?post=1440"},{"taxonomy":"product_tag","embeddable":true,"href":"https:\/\/ftgmowi.com\/sv\/wp-json\/wp\/v2\/product_tag?post=1440"}],"curies":[{"name":"wp","href":"https:\/\/api.w.org\/{rel}","templated":true}]}}