{"id":1441,"date":"2024-04-16T11:42:24","date_gmt":"2024-04-16T11:42:24","guid":{"rendered":"https:\/\/ftgmowi.com\/product\/naarva-skordaraggregat-s23\/"},"modified":"2024-06-17T11:40:12","modified_gmt":"2024-06-17T11:40:12","slug":"naarva-s23","status":"publish","type":"product","link":"https:\/\/ftgmowi.com\/sv\/produkt\/naarva-s23\/","title":{"rendered":"Naarva Sk\u00f6rdaraggregat S23"},"content":{"rendered":"<h3>L\u00c4TT, ENKELT OCH F\u00d6RDELAKTIGT SK\u00d6RDARAGGREGAT<\/h3>\n<p>Naarva S23 \u00e4r en l\u00e4tt och enkel stegsk\u00f6rdare men \u00f6verraskande effektiv. Den monteras p\u00e5 en lastningsgrips plats och inga knappar, kablar eller extra slangar beh\u00f6vs. Alla r\u00f6relser genomf\u00f6rs med lastningsgripens kl\u00e4mventil. Tilten \u00e4r mekanisk och den l\u00e5ses i \u00f6versta l\u00e4get med stegr\u00f6relsen. Tr\u00e4det faller av sin egen tyngdkraft n\u00e4r tilten frig\u00f6rs genom att man k\u00f6r steget en aning in. Kvistningsr\u00f6relsen fram och tillbaka \u00e5stadkoms genom att man st\u00e4ller om riktningen och kvistningsknivarnas samt gripklornas st\u00e4ngning genomf\u00f6rs automatiskt med sekvensventiler. Giljotinen genomf\u00f6r kapningen n\u00e4r steget k\u00f6rts ut in i det maximala l\u00e4get och trycket stiger. Motsvarande \u00f6ppnar sig kvistningsknivarna och gripklorna helt n\u00e4r steget k\u00f6rs in och trycket stiger.<\/p>\n","protected":false},"excerpt":{"rendered":"<p>L\u00c4TT, ENKELT OCH F\u00d6RDELAKTIGT SK\u00d6RDARAGGREGAT Naarva S23 \u00e4r en l\u00e4tt och enkel stegsk\u00f6rdare men \u00f6verraskande effektiv. Den monteras p\u00e5 en lastningsgrips plats och inga knappar, kablar eller extra slangar beh\u00f6vs. Alla r\u00f6relser genomf\u00f6rs med lastningsgripens kl\u00e4mventil. Tilten \u00e4r mekanisk och den l\u00e5ses i \u00f6versta l\u00e4get med stegr\u00f6relsen. Tr\u00e4det faller av sin egen tyngdkraft n\u00e4r tilten [&hellip;]<\/p>\n","protected":false},"featured_media":1011,"comment_status":"closed","ping_status":"closed","template":"","meta":{"_acf_changed":false,"inline_featured_image":false},"product_cat":[56,90],"product_tag":[],"acf":[],"_links":{"self":[{"href":"https:\/\/ftgmowi.com\/sv\/wp-json\/wp\/v2\/product\/1441"}],"collection":[{"href":"https:\/\/ftgmowi.com\/sv\/wp-json\/wp\/v2\/product"}],"about":[{"href":"https:\/\/ftgmowi.com\/sv\/wp-json\/wp\/v2\/types\/product"}],"replies":[{"embeddable":true,"href":"https:\/\/ftgmowi.com\/sv\/wp-json\/wp\/v2\/comments?post=1441"}],"wp:featuredmedia":[{"embeddable":true,"href":"https:\/\/ftgmowi.com\/sv\/wp-json\/wp\/v2\/media\/1011"}],"wp:attachment":[{"href":"https:\/\/ftgmowi.com\/sv\/wp-json\/wp\/v2\/media?parent=1441"}],"wp:term":[{"taxonomy":"product_cat","embeddable":true,"href":"https:\/\/ftgmowi.com\/sv\/wp-json\/wp\/v2\/product_cat?post=1441"},{"taxonomy":"product_tag","embeddable":true,"href":"https:\/\/ftgmowi.com\/sv\/wp-json\/wp\/v2\/product_tag?post=1441"}],"curies":[{"name":"wp","href":"https:\/\/api.w.org\/{rel}","templated":true}]}}