{"id":1442,"date":"2024-04-16T11:36:41","date_gmt":"2024-04-16T11:36:41","guid":{"rendered":"https:\/\/ftgmowi.com\/product\/naarva-ackumulerande-energiklipp-24\/"},"modified":"2024-06-17T11:51:19","modified_gmt":"2024-06-17T11:51:19","slug":"naarva-e24","status":"publish","type":"product","link":"https:\/\/ftgmowi.com\/sv\/produkt\/naarva-e24\/","title":{"rendered":"Naarva Ackumulerande Energiklipp E24"},"content":{"rendered":"<p>F\u00e4llhuvudet Naarva E24 monteras p\u00e5 en lastningskran i st\u00e4llet f\u00f6r lastningsgrip. Alla<br \/>\nfunktioner styrs med gripens \u00f6ppnings-\/st\u00e4ngningsventil.\u00a0Varken extra hydraulik eller str\u00f6m<br \/>\nkr\u00e4vs. Sk\u00e4rnings-, uppsamlings- och tiltfunktionen styrs automatiskt av sekvensventiler.<br \/>\nSnabb och kraftig giljotin kan sk\u00e4ra igenom upp till 24 cm tjocka stammar. Giljotinen \u00e4r underh\u00e5llsfri. Den enda n\u00f6dv\u00e4ndiga underh\u00e5lls\u00e5tg\u00e4rden \u00e4r sm\u00f6rjning via sm\u00f6rjnipplar.<\/p>\n","protected":false},"excerpt":{"rendered":"<p>F\u00e4llhuvudet Naarva E24 monteras p\u00e5 en lastningskran i st\u00e4llet f\u00f6r lastningsgrip. Alla funktioner styrs med gripens \u00f6ppnings-\/st\u00e4ngningsventil.\u00a0Varken extra hydraulik eller str\u00f6m kr\u00e4vs. Sk\u00e4rnings-, uppsamlings- och tiltfunktionen styrs automatiskt av sekvensventiler. Snabb och kraftig giljotin kan sk\u00e4ra igenom upp till 24 cm tjocka stammar. Giljotinen \u00e4r underh\u00e5llsfri. Den enda n\u00f6dv\u00e4ndiga underh\u00e5lls\u00e5tg\u00e4rden \u00e4r sm\u00f6rjning via sm\u00f6rjnipplar.<\/p>\n","protected":false},"featured_media":998,"comment_status":"closed","ping_status":"closed","template":"","meta":{"_acf_changed":false,"inline_featured_image":false},"product_cat":[56,90],"product_tag":[],"acf":[],"_links":{"self":[{"href":"https:\/\/ftgmowi.com\/sv\/wp-json\/wp\/v2\/product\/1442"}],"collection":[{"href":"https:\/\/ftgmowi.com\/sv\/wp-json\/wp\/v2\/product"}],"about":[{"href":"https:\/\/ftgmowi.com\/sv\/wp-json\/wp\/v2\/types\/product"}],"replies":[{"embeddable":true,"href":"https:\/\/ftgmowi.com\/sv\/wp-json\/wp\/v2\/comments?post=1442"}],"wp:featuredmedia":[{"embeddable":true,"href":"https:\/\/ftgmowi.com\/sv\/wp-json\/wp\/v2\/media\/998"}],"wp:attachment":[{"href":"https:\/\/ftgmowi.com\/sv\/wp-json\/wp\/v2\/media?parent=1442"}],"wp:term":[{"taxonomy":"product_cat","embeddable":true,"href":"https:\/\/ftgmowi.com\/sv\/wp-json\/wp\/v2\/product_cat?post=1442"},{"taxonomy":"product_tag","embeddable":true,"href":"https:\/\/ftgmowi.com\/sv\/wp-json\/wp\/v2\/product_tag?post=1442"}],"curies":[{"name":"wp","href":"https:\/\/api.w.org\/{rel}","templated":true}]}}