{"id":1443,"date":"2024-04-16T11:26:01","date_gmt":"2024-04-16T11:26:01","guid":{"rendered":"https:\/\/ftgmowi.com\/product\/fallhuvud-k24\/"},"modified":"2024-06-17T11:50:29","modified_gmt":"2024-06-17T11:50:29","slug":"fallhuvud-k24","status":"publish","type":"product","link":"https:\/\/ftgmowi.com\/sv\/produkt\/fallhuvud-k24\/","title":{"rendered":"Naarva F\u00e4llhuvud K24"},"content":{"rendered":"<h3>ELEKTROFRITT F\u00c4LLHUVUD NAARVA K24<\/h3>\n<p>F\u00e4llhuvudet Naarva K24 monteras p\u00e5 en lastningskran i st\u00e4llet f\u00f6r lastningsgrip. Alla funktioner styrs med gripens \u00f6ppnings-\/st\u00e4ngningsventil. Varken extra hydraulik eller str\u00f6m kr\u00e4vs. Sk\u00e4rnings och tiltfunktionen styrs automatiskt av sekvensventiler. Snabb och kraftig<br \/>\ngiljotin kan sk\u00e4ra igenom upp till 24 cm tjocka stammar. Giljotinen \u00e4r underh\u00e5llsfri. Den enda n\u00f6dv\u00e4ndiga underh\u00e5lls\u00e5tg\u00e4rden \u00e4r sm\u00f6rjning via sm\u00f6rjnipplar.<\/p>\n<h3>ELEKTROFRI STYRNING<\/h3>\n<p>F\u00e4llhuvudet Naarva E24 monteras p\u00e5 en lastningskran i st\u00e4llet f\u00f6r lastningsgrip. Alla funktioner styrs med gripens \u00f6ppnings-\/st\u00e4ngningsventil. Varken extra hydraulik eller str\u00f6m kr\u00e4vs.<\/p>\n<p>Sk\u00e4rnings-, och vippfunktionen styrs automatiskt av sekvensventiler. Giljotinsk\u00e4rning utf\u00f6rs n\u00e4r gripens st\u00e4ngningsfunktion har aktiverats och trycket n\u00e5r ett visst gr\u00e4nsv\u00e4rde. Om gripens st\u00e4ngningsfunktion h\u00e5lls aktiverad l\u00e4ngre n\u00e5r trycket ett h\u00f6gre gr\u00e4nsv\u00e4rde och f\u00e4llhuvudet g\u00e5r till lastningsl\u00e4get.<\/p>\n","protected":false},"excerpt":{"rendered":"<p>ELEKTROFRITT F\u00c4LLHUVUD NAARVA K24 F\u00e4llhuvudet Naarva K24 monteras p\u00e5 en lastningskran i st\u00e4llet f\u00f6r lastningsgrip. Alla funktioner styrs med gripens \u00f6ppnings-\/st\u00e4ngningsventil. Varken extra hydraulik eller str\u00f6m kr\u00e4vs. Sk\u00e4rnings och tiltfunktionen styrs automatiskt av sekvensventiler. Snabb och kraftig giljotin kan sk\u00e4ra igenom upp till 24 cm tjocka stammar. Giljotinen \u00e4r underh\u00e5llsfri. Den enda n\u00f6dv\u00e4ndiga underh\u00e5lls\u00e5tg\u00e4rden \u00e4r [&hellip;]<\/p>\n","protected":false},"featured_media":991,"comment_status":"closed","ping_status":"closed","template":"","meta":{"_acf_changed":false,"inline_featured_image":false},"product_cat":[56,90],"product_tag":[],"acf":[],"_links":{"self":[{"href":"https:\/\/ftgmowi.com\/sv\/wp-json\/wp\/v2\/product\/1443"}],"collection":[{"href":"https:\/\/ftgmowi.com\/sv\/wp-json\/wp\/v2\/product"}],"about":[{"href":"https:\/\/ftgmowi.com\/sv\/wp-json\/wp\/v2\/types\/product"}],"replies":[{"embeddable":true,"href":"https:\/\/ftgmowi.com\/sv\/wp-json\/wp\/v2\/comments?post=1443"}],"wp:featuredmedia":[{"embeddable":true,"href":"https:\/\/ftgmowi.com\/sv\/wp-json\/wp\/v2\/media\/991"}],"wp:attachment":[{"href":"https:\/\/ftgmowi.com\/sv\/wp-json\/wp\/v2\/media?parent=1443"}],"wp:term":[{"taxonomy":"product_cat","embeddable":true,"href":"https:\/\/ftgmowi.com\/sv\/wp-json\/wp\/v2\/product_cat?post=1443"},{"taxonomy":"product_tag","embeddable":true,"href":"https:\/\/ftgmowi.com\/sv\/wp-json\/wp\/v2\/product_tag?post=1443"}],"curies":[{"name":"wp","href":"https:\/\/api.w.org\/{rel}","templated":true}]}}