{"id":1444,"date":"2024-04-16T11:18:25","date_gmt":"2024-04-16T09:18:25","guid":{"rendered":"https:\/\/ftgmowi.com\/product\/3-skarig-bogserad-vagsladd\/"},"modified":"2025-09-08T10:20:59","modified_gmt":"2025-09-08T08:20:59","slug":"3-skarig-bogserad-vagsladd","status":"publish","type":"product","link":"https:\/\/ftgmowi.com\/sv\/produkt\/3-skarig-bogserad-vagsladd\/","title":{"rendered":"3-sk\u00e4rig bogserad v\u00e4gsladd"},"content":{"rendered":"<p>3-sk\u00e4rig bogserad v\u00e4gsladd med hydraulisk ramstyrning och st\u00e4llbar lutning\/bombering.<\/p>\n<div class=\"addthis_inline_share_toolbox\"><\/div>\n","protected":false},"excerpt":{"rendered":"<p>3-sk\u00e4rig bogserad v\u00e4gsladd med hydraulisk ramstyrning och st\u00e4llbar lutning\/bombering.<\/p>\n","protected":false},"featured_media":978,"comment_status":"closed","ping_status":"closed","template":"","meta":{"_acf_changed":false,"inline_featured_image":false},"product_cat":[79],"product_tag":[],"acf":[],"_links":{"self":[{"href":"https:\/\/ftgmowi.com\/sv\/wp-json\/wp\/v2\/product\/1444"}],"collection":[{"href":"https:\/\/ftgmowi.com\/sv\/wp-json\/wp\/v2\/product"}],"about":[{"href":"https:\/\/ftgmowi.com\/sv\/wp-json\/wp\/v2\/types\/product"}],"replies":[{"embeddable":true,"href":"https:\/\/ftgmowi.com\/sv\/wp-json\/wp\/v2\/comments?post=1444"}],"wp:featuredmedia":[{"embeddable":true,"href":"https:\/\/ftgmowi.com\/sv\/wp-json\/wp\/v2\/media\/978"}],"wp:attachment":[{"href":"https:\/\/ftgmowi.com\/sv\/wp-json\/wp\/v2\/media?parent=1444"}],"wp:term":[{"taxonomy":"product_cat","embeddable":true,"href":"https:\/\/ftgmowi.com\/sv\/wp-json\/wp\/v2\/product_cat?post=1444"},{"taxonomy":"product_tag","embeddable":true,"href":"https:\/\/ftgmowi.com\/sv\/wp-json\/wp\/v2\/product_tag?post=1444"}],"curies":[{"name":"wp","href":"https:\/\/api.w.org\/{rel}","templated":true}]}}