{"id":1445,"date":"2024-04-16T11:15:34","date_gmt":"2024-04-16T09:15:34","guid":{"rendered":"https:\/\/ftgmowi.com\/product\/vagsladdar\/"},"modified":"2025-09-08T10:19:40","modified_gmt":"2025-09-08T08:19:40","slug":"vagsladd-2-skarig","status":"publish","type":"product","link":"https:\/\/ftgmowi.com\/sv\/produkt\/vagsladd-2-skarig\/","title":{"rendered":"2-sk\u00e4rig buren v\u00e4gsladd"},"content":{"rendered":"<p>V\u00e4gsladd med 2 sk\u00e4r plus str\u00e4ngspridare. H\u00f6ga blad g\u00f6r det m\u00f6jligt att ta med st\u00f6rre m\u00e4ngder grus. Perfekt \u00e4ven f\u00f6r dig som har en lite mindre eller \u00e4ldre traktor.<\/p>\n","protected":false},"excerpt":{"rendered":"<p>V\u00e4gsladd med 2 sk\u00e4r plus str\u00e4ngspridare. H\u00f6ga blad g\u00f6r det m\u00f6jligt att ta med st\u00f6rre m\u00e4ngder grus. Perfekt \u00e4ven f\u00f6r dig som har en lite mindre eller \u00e4ldre traktor.<\/p>\n","protected":false},"featured_media":962,"comment_status":"closed","ping_status":"closed","template":"","meta":{"_acf_changed":false,"inline_featured_image":false},"product_cat":[79],"product_tag":[],"acf":[],"_links":{"self":[{"href":"https:\/\/ftgmowi.com\/sv\/wp-json\/wp\/v2\/product\/1445"}],"collection":[{"href":"https:\/\/ftgmowi.com\/sv\/wp-json\/wp\/v2\/product"}],"about":[{"href":"https:\/\/ftgmowi.com\/sv\/wp-json\/wp\/v2\/types\/product"}],"replies":[{"embeddable":true,"href":"https:\/\/ftgmowi.com\/sv\/wp-json\/wp\/v2\/comments?post=1445"}],"wp:featuredmedia":[{"embeddable":true,"href":"https:\/\/ftgmowi.com\/sv\/wp-json\/wp\/v2\/media\/962"}],"wp:attachment":[{"href":"https:\/\/ftgmowi.com\/sv\/wp-json\/wp\/v2\/media?parent=1445"}],"wp:term":[{"taxonomy":"product_cat","embeddable":true,"href":"https:\/\/ftgmowi.com\/sv\/wp-json\/wp\/v2\/product_cat?post=1445"},{"taxonomy":"product_tag","embeddable":true,"href":"https:\/\/ftgmowi.com\/sv\/wp-json\/wp\/v2\/product_tag?post=1445"}],"curies":[{"name":"wp","href":"https:\/\/api.w.org\/{rel}","templated":true}]}}