{"id":1447,"date":"2024-04-16T11:09:32","date_gmt":"2024-04-16T09:09:32","guid":{"rendered":"https:\/\/ftgmowi.com\/product\/skogskran-p51t\/"},"modified":"2025-10-29T10:27:57","modified_gmt":"2025-10-29T08:27:57","slug":"skogskran-p51t","status":"publish","type":"product","link":"https:\/\/ftgmowi.com\/sv\/produkt\/skogskran-p51t\/","title":{"rendered":"Mowi P51T Skogskran"},"content":{"rendered":"<h4>Mowi P51T<\/h4>\n<p>Mowi P51T \u00e4r avsedd f\u00f6r Mowi-skogsvagnarna 1250, 1250 WD, 1250 ND och 1450 WD. Kranen s\u00e4ljs \u00e4ven till traktormontage och till OEM-kunder f\u00f6r montering p\u00e5 skogsmaskiner.<\/p>\n<p>P51T \u00e4r kraftfull med en r\u00e4ckvidd p\u00e5 8,2 m. Den lyfter 350 kg p\u00e5 max r\u00e4ckvidd och 1000 kg p\u00e5 4 m, med ett lyft\u00admoment p\u00e5 48 kNm. Sv\u00e4ngkraften har \u00f6kat med 25%, till 15 kNm j\u00e4mf\u00f6rt med f\u00f6reg\u00e5ngaren.<\/p>\n","protected":false},"excerpt":{"rendered":"<p>Mowi P51T Mowi P51T \u00e4r avsedd f\u00f6r Mowi-skogsvagnarna 1250, 1250 WD, 1250 ND och 1450 WD. Kranen s\u00e4ljs \u00e4ven till traktormontage och till OEM-kunder f\u00f6r montering p\u00e5 skogsmaskiner. P51T \u00e4r kraftfull med en r\u00e4ckvidd p\u00e5 8,2 m. Den lyfter 350 kg p\u00e5 max r\u00e4ckvidd och 1000 kg p\u00e5 4 m, med ett lyft\u00admoment p\u00e5 48 [&hellip;]<\/p>\n","protected":false},"featured_media":940,"comment_status":"closed","ping_status":"closed","template":"","meta":{"_acf_changed":false,"inline_featured_image":false},"product_cat":[57],"product_tag":[],"acf":[],"_links":{"self":[{"href":"https:\/\/ftgmowi.com\/sv\/wp-json\/wp\/v2\/product\/1447"}],"collection":[{"href":"https:\/\/ftgmowi.com\/sv\/wp-json\/wp\/v2\/product"}],"about":[{"href":"https:\/\/ftgmowi.com\/sv\/wp-json\/wp\/v2\/types\/product"}],"replies":[{"embeddable":true,"href":"https:\/\/ftgmowi.com\/sv\/wp-json\/wp\/v2\/comments?post=1447"}],"wp:featuredmedia":[{"embeddable":true,"href":"https:\/\/ftgmowi.com\/sv\/wp-json\/wp\/v2\/media\/940"}],"wp:attachment":[{"href":"https:\/\/ftgmowi.com\/sv\/wp-json\/wp\/v2\/media?parent=1447"}],"wp:term":[{"taxonomy":"product_cat","embeddable":true,"href":"https:\/\/ftgmowi.com\/sv\/wp-json\/wp\/v2\/product_cat?post=1447"},{"taxonomy":"product_tag","embeddable":true,"href":"https:\/\/ftgmowi.com\/sv\/wp-json\/wp\/v2\/product_tag?post=1447"}],"curies":[{"name":"wp","href":"https:\/\/api.w.org\/{rel}","templated":true}]}}