{"id":1448,"date":"2024-04-16T11:00:27","date_gmt":"2024-04-16T09:00:27","guid":{"rendered":"https:\/\/ftgmowi.com\/product\/skogskran-p81t-dt\/"},"modified":"2025-10-29T10:34:25","modified_gmt":"2025-10-29T08:34:25","slug":"skogskran-p81t-dt","status":"publish","type":"product","link":"https:\/\/ftgmowi.com\/sv\/produkt\/skogskran-p81t-dt\/","title":{"rendered":"Mowi P81T\/P81DT Skogskran"},"content":{"rendered":"<h4>Mowi P81T\/P81DT<\/h4>\n<p>Mowi P81T och P81DT \u00e4r de nya tungviktarna i Mowis sortiment. De bygger p\u00e5 ny teknik med helt unika egenskaper som kombinerar den parallellf\u00f6rda kranens f\u00f6rdelar med den traditionella vikarmskranens b\u00e4sta egenskaper.<\/p>\n<p>De har utvecklats f\u00f6r att n\u00e5 l\u00e4ngre och lyfta tyngre, samtidigt som en tredje cylinder ger kranen ett helt nytt \u00adparkeringsl\u00e4ge med l\u00e4gre tyngdpunkt, vilket ger en stabilare skogsvagn\/maskin vid k\u00f6rning utan last i sv\u00e5r terr\u00e4ng.<\/p>\n","protected":false},"excerpt":{"rendered":"<p>Mowi P81T\/P81DT Mowi P81T och P81DT \u00e4r de nya tungviktarna i Mowis sortiment. De bygger p\u00e5 ny teknik med helt unika egenskaper som kombinerar den parallellf\u00f6rda kranens f\u00f6rdelar med den traditionella vikarmskranens b\u00e4sta egenskaper. De har utvecklats f\u00f6r att n\u00e5 l\u00e4ngre och lyfta tyngre, samtidigt som en tredje cylinder ger kranen ett helt nytt \u00adparkeringsl\u00e4ge [&hellip;]<\/p>\n","protected":false},"featured_media":947,"comment_status":"closed","ping_status":"closed","template":"","meta":{"_acf_changed":false,"inline_featured_image":false},"product_cat":[57],"product_tag":[],"acf":[],"_links":{"self":[{"href":"https:\/\/ftgmowi.com\/sv\/wp-json\/wp\/v2\/product\/1448"}],"collection":[{"href":"https:\/\/ftgmowi.com\/sv\/wp-json\/wp\/v2\/product"}],"about":[{"href":"https:\/\/ftgmowi.com\/sv\/wp-json\/wp\/v2\/types\/product"}],"replies":[{"embeddable":true,"href":"https:\/\/ftgmowi.com\/sv\/wp-json\/wp\/v2\/comments?post=1448"}],"wp:featuredmedia":[{"embeddable":true,"href":"https:\/\/ftgmowi.com\/sv\/wp-json\/wp\/v2\/media\/947"}],"wp:attachment":[{"href":"https:\/\/ftgmowi.com\/sv\/wp-json\/wp\/v2\/media?parent=1448"}],"wp:term":[{"taxonomy":"product_cat","embeddable":true,"href":"https:\/\/ftgmowi.com\/sv\/wp-json\/wp\/v2\/product_cat?post=1448"},{"taxonomy":"product_tag","embeddable":true,"href":"https:\/\/ftgmowi.com\/sv\/wp-json\/wp\/v2\/product_tag?post=1448"}],"curies":[{"name":"wp","href":"https:\/\/api.w.org\/{rel}","templated":true}]}}