{"id":1449,"date":"2024-04-16T10:57:59","date_gmt":"2024-04-16T08:57:59","guid":{"rendered":"https:\/\/ftgmowi.com\/product\/skogskran-p51\/"},"modified":"2025-10-29T10:23:39","modified_gmt":"2025-10-29T08:23:39","slug":"skogskran-p51","status":"publish","type":"product","link":"https:\/\/ftgmowi.com\/sv\/produkt\/skogskran-p51\/","title":{"rendered":"Mowi P51 Skogskran"},"content":{"rendered":"<h4>Mowi P51<\/h4>\n<p>Mowi P51 \u00e4r avsedd f\u00f6r Mowi-skogsvagnarna 1250, 1250 ND, 1250 WD och 1450 WD. Kranen s\u00e4ljs \u00e4ven till traktormontage och till OEM-kunder f\u00f6r montering p\u00e5 skogsmaskiner.<\/p>\n<p>P51 \u00e4r kraftfull med en r\u00e4ckvidd p\u00e5 6,5 m. Den lyfter 580 kg vid max r\u00e4ckvidd och 1100 kg p\u00e5 4 m, med ett lyft\u00admoment p\u00e5 48 kNm. Sv\u00e4ngkraften \u00f6kas med 25%, till 15 kNm.<\/p>\n","protected":false},"excerpt":{"rendered":"<p>Mowi P51 Mowi P51 \u00e4r avsedd f\u00f6r Mowi-skogsvagnarna 1250, 1250 ND, 1250 WD och 1450 WD. Kranen s\u00e4ljs \u00e4ven till traktormontage och till OEM-kunder f\u00f6r montering p\u00e5 skogsmaskiner. P51 \u00e4r kraftfull med en r\u00e4ckvidd p\u00e5 6,5 m. Den lyfter 580 kg vid max r\u00e4ckvidd och 1100 kg p\u00e5 4 m, med ett lyft\u00admoment p\u00e5 48 [&hellip;]<\/p>\n","protected":false},"featured_media":922,"comment_status":"closed","ping_status":"closed","template":"","meta":{"_acf_changed":false,"inline_featured_image":false},"product_cat":[57],"product_tag":[],"acf":[],"_links":{"self":[{"href":"https:\/\/ftgmowi.com\/sv\/wp-json\/wp\/v2\/product\/1449"}],"collection":[{"href":"https:\/\/ftgmowi.com\/sv\/wp-json\/wp\/v2\/product"}],"about":[{"href":"https:\/\/ftgmowi.com\/sv\/wp-json\/wp\/v2\/types\/product"}],"replies":[{"embeddable":true,"href":"https:\/\/ftgmowi.com\/sv\/wp-json\/wp\/v2\/comments?post=1449"}],"wp:featuredmedia":[{"embeddable":true,"href":"https:\/\/ftgmowi.com\/sv\/wp-json\/wp\/v2\/media\/922"}],"wp:attachment":[{"href":"https:\/\/ftgmowi.com\/sv\/wp-json\/wp\/v2\/media?parent=1449"}],"wp:term":[{"taxonomy":"product_cat","embeddable":true,"href":"https:\/\/ftgmowi.com\/sv\/wp-json\/wp\/v2\/product_cat?post=1449"},{"taxonomy":"product_tag","embeddable":true,"href":"https:\/\/ftgmowi.com\/sv\/wp-json\/wp\/v2\/product_tag?post=1449"}],"curies":[{"name":"wp","href":"https:\/\/api.w.org\/{rel}","templated":true}]}}