{"id":1452,"date":"2024-04-16T10:45:26","date_gmt":"2024-04-16T08:45:26","guid":{"rendered":"https:\/\/ftgmowi.com\/product\/skogskran-p41t\/"},"modified":"2025-10-29T10:17:55","modified_gmt":"2025-10-29T08:17:55","slug":"skogskran-p41t","status":"publish","type":"product","link":"https:\/\/ftgmowi.com\/sv\/produkt\/skogskran-p41t\/","title":{"rendered":"Mowi P41T Skogskran"},"content":{"rendered":"<p>Mowi P41T \u00e4r avsedd f\u00f6r Mowi-skogsvagnarna 1250, 1050 WD, 1250 ND och 1250 WD. Kranen s\u00e4ljs \u00e4ven f\u00f6r traktor\u00admontage och till OEM-kunder f\u00f6r montering p\u00e5 skogs\u00admaskiner.<\/p>\n<p>P41T \u00e4r kraftfull med en r\u00e4ckvidd p\u00e5 7,5 m. Den lyfter 390 kg vid max r\u00e4ckvidd och 900 kg p\u00e5 4 m, med ett lyftmoment p\u00e5 43 kNm. Sv\u00e4ngkraften har \u00f6kat till 11 kNm j\u00e4mf\u00f6rt med f\u00f6reg\u00e5ngaren.<\/p>\n","protected":false},"excerpt":{"rendered":"<p>Mowi P41T \u00e4r avsedd f\u00f6r Mowi-skogsvagnarna 1250, 1050 WD, 1250 ND och 1250 WD. Kranen s\u00e4ljs \u00e4ven f\u00f6r traktor\u00admontage och till OEM-kunder f\u00f6r montering p\u00e5 skogs\u00admaskiner. P41T \u00e4r kraftfull med en r\u00e4ckvidd p\u00e5 7,5 m. Den lyfter 390 kg vid max r\u00e4ckvidd och 900 kg p\u00e5 4 m, med ett lyftmoment p\u00e5 43 kNm. Sv\u00e4ngkraften [&hellip;]<\/p>\n","protected":false},"featured_media":894,"comment_status":"closed","ping_status":"closed","template":"","meta":{"_acf_changed":false,"inline_featured_image":false},"product_cat":[57],"product_tag":[],"acf":[],"_links":{"self":[{"href":"https:\/\/ftgmowi.com\/sv\/wp-json\/wp\/v2\/product\/1452"}],"collection":[{"href":"https:\/\/ftgmowi.com\/sv\/wp-json\/wp\/v2\/product"}],"about":[{"href":"https:\/\/ftgmowi.com\/sv\/wp-json\/wp\/v2\/types\/product"}],"replies":[{"embeddable":true,"href":"https:\/\/ftgmowi.com\/sv\/wp-json\/wp\/v2\/comments?post=1452"}],"wp:featuredmedia":[{"embeddable":true,"href":"https:\/\/ftgmowi.com\/sv\/wp-json\/wp\/v2\/media\/894"}],"wp:attachment":[{"href":"https:\/\/ftgmowi.com\/sv\/wp-json\/wp\/v2\/media?parent=1452"}],"wp:term":[{"taxonomy":"product_cat","embeddable":true,"href":"https:\/\/ftgmowi.com\/sv\/wp-json\/wp\/v2\/product_cat?post=1452"},{"taxonomy":"product_tag","embeddable":true,"href":"https:\/\/ftgmowi.com\/sv\/wp-json\/wp\/v2\/product_tag?post=1452"}],"curies":[{"name":"wp","href":"https:\/\/api.w.org\/{rel}","templated":true}]}}