{"id":1453,"date":"2024-04-16T10:36:26","date_gmt":"2024-04-16T08:36:26","guid":{"rendered":"https:\/\/ftgmowi.com\/product\/skogskran-p41\/"},"modified":"2025-10-29T10:19:05","modified_gmt":"2025-10-29T08:19:05","slug":"skogskran-p41","status":"publish","type":"product","link":"https:\/\/ftgmowi.com\/sv\/produkt\/skogskran-p41\/","title":{"rendered":"Mowi P41 Skogskran"},"content":{"rendered":"<p>Mowi P41 \u00e4r avsedd f\u00f6r Mowi-skogsvagnarna 1050, 1250, 1050 WD, 1250 2 ND och 1250 WD. Kranen s\u00e4ljs \u00e4ven till traktormontage och till OEM-kunder f\u00f6r montering p\u00e5 skogsmaskiner.<\/p>\n<p>P41 \u00e4r en kraftfull kran med en r\u00e4ckvidd p\u00e5 6,5 m. Den lyfter 500 kg vid max r\u00e4ckvidd och 950 kg p\u00e5 4 m, med ett lyftmoment p\u00e5 43 kNm. Sv\u00e4ngkraften har \u00f6kat till 11 kNm.<\/p>\n","protected":false},"excerpt":{"rendered":"<p>Mowi P41 \u00e4r avsedd f\u00f6r Mowi-skogsvagnarna 1050, 1250, 1050 WD, 1250 2 ND och 1250 WD. Kranen s\u00e4ljs \u00e4ven till traktormontage och till OEM-kunder f\u00f6r montering p\u00e5 skogsmaskiner. P41 \u00e4r en kraftfull kran med en r\u00e4ckvidd p\u00e5 6,5 m. Den lyfter 500 kg vid max r\u00e4ckvidd och 950 kg p\u00e5 4 m, med ett lyftmoment [&hellip;]<\/p>\n","protected":false},"featured_media":887,"comment_status":"closed","ping_status":"closed","template":"","meta":{"_acf_changed":false,"inline_featured_image":false},"product_cat":[57],"product_tag":[],"acf":[],"_links":{"self":[{"href":"https:\/\/ftgmowi.com\/sv\/wp-json\/wp\/v2\/product\/1453"}],"collection":[{"href":"https:\/\/ftgmowi.com\/sv\/wp-json\/wp\/v2\/product"}],"about":[{"href":"https:\/\/ftgmowi.com\/sv\/wp-json\/wp\/v2\/types\/product"}],"replies":[{"embeddable":true,"href":"https:\/\/ftgmowi.com\/sv\/wp-json\/wp\/v2\/comments?post=1453"}],"wp:featuredmedia":[{"embeddable":true,"href":"https:\/\/ftgmowi.com\/sv\/wp-json\/wp\/v2\/media\/887"}],"wp:attachment":[{"href":"https:\/\/ftgmowi.com\/sv\/wp-json\/wp\/v2\/media?parent=1453"}],"wp:term":[{"taxonomy":"product_cat","embeddable":true,"href":"https:\/\/ftgmowi.com\/sv\/wp-json\/wp\/v2\/product_cat?post=1453"},{"taxonomy":"product_tag","embeddable":true,"href":"https:\/\/ftgmowi.com\/sv\/wp-json\/wp\/v2\/product_tag?post=1453"}],"curies":[{"name":"wp","href":"https:\/\/api.w.org\/{rel}","templated":true}]}}