{"id":1456,"date":"2024-04-16T10:19:14","date_gmt":"2024-04-16T08:19:14","guid":{"rendered":"https:\/\/ftgmowi.com\/product\/skogskran-p31t\/"},"modified":"2025-10-29T10:19:52","modified_gmt":"2025-10-29T08:19:52","slug":"skogskran-p31t","status":"publish","type":"product","link":"https:\/\/ftgmowi.com\/sv\/produkt\/skogskran-p31t\/","title":{"rendered":"Mowi P31T Skogskran"},"content":{"rendered":"<p>FTG MOWI P31T<\/p>\n<p>Mowi P31T \u00e4r avsedd f\u00f6r Mowi-skogsvagnarna 850, 1050, och 1050 WD. Kranen s\u00e4ljs \u00e4ven till traktormontage och till OEM-kunder f\u00f6r montering p\u00e5 skogsmaskiner.<\/p>\n<p>Kranen P31T \u00e4r kraftfull med en r\u00e4ckvidd p\u00e5 6,7 m. Den lyfter 360 kg vid max r\u00e4ckvidd och 700 kg p\u00e5 4 m, med ett lyft\u00admoment p\u00e5 34 kNm. Sv\u00e4ngkraften har \u00f6kat till 8,5 kNm.<\/p>\n","protected":false},"excerpt":{"rendered":"<p>FTG MOWI P31T Mowi P31T \u00e4r avsedd f\u00f6r Mowi-skogsvagnarna 850, 1050, och 1050 WD. Kranen s\u00e4ljs \u00e4ven till traktormontage och till OEM-kunder f\u00f6r montering p\u00e5 skogsmaskiner. Kranen P31T \u00e4r kraftfull med en r\u00e4ckvidd p\u00e5 6,7 m. Den lyfter 360 kg vid max r\u00e4ckvidd och 700 kg p\u00e5 4 m, med ett lyft\u00admoment p\u00e5 34 kNm. [&hellip;]<\/p>\n","protected":false},"featured_media":863,"comment_status":"closed","ping_status":"closed","template":"","meta":{"_acf_changed":false,"inline_featured_image":false},"product_cat":[57],"product_tag":[],"acf":[],"_links":{"self":[{"href":"https:\/\/ftgmowi.com\/sv\/wp-json\/wp\/v2\/product\/1456"}],"collection":[{"href":"https:\/\/ftgmowi.com\/sv\/wp-json\/wp\/v2\/product"}],"about":[{"href":"https:\/\/ftgmowi.com\/sv\/wp-json\/wp\/v2\/types\/product"}],"replies":[{"embeddable":true,"href":"https:\/\/ftgmowi.com\/sv\/wp-json\/wp\/v2\/comments?post=1456"}],"wp:featuredmedia":[{"embeddable":true,"href":"https:\/\/ftgmowi.com\/sv\/wp-json\/wp\/v2\/media\/863"}],"wp:attachment":[{"href":"https:\/\/ftgmowi.com\/sv\/wp-json\/wp\/v2\/media?parent=1456"}],"wp:term":[{"taxonomy":"product_cat","embeddable":true,"href":"https:\/\/ftgmowi.com\/sv\/wp-json\/wp\/v2\/product_cat?post=1456"},{"taxonomy":"product_tag","embeddable":true,"href":"https:\/\/ftgmowi.com\/sv\/wp-json\/wp\/v2\/product_tag?post=1456"}],"curies":[{"name":"wp","href":"https:\/\/api.w.org\/{rel}","templated":true}]}}