{"id":1458,"date":"2024-04-16T10:11:42","date_gmt":"2024-04-16T08:11:42","guid":{"rendered":"https:\/\/ftgmowi.com\/product\/skogskran-p30\/"},"modified":"2025-10-29T14:04:42","modified_gmt":"2025-10-29T12:04:42","slug":"skogskran-p30","status":"publish","type":"product","link":"https:\/\/ftgmowi.com\/sv\/produkt\/skogskran-p30\/","title":{"rendered":"Mowi P30 Skogskran"},"content":{"rendered":"<p>Mowi P30 \u00e4r avsedd f\u00f6r Mowi 850, 1050 och 1050 WD-vagnarna.<\/p>\n<p>P30 har en r\u00e4ckvidd\/lyftkraft p\u00e5 5,7 m\/490 kg p\u00e5 full r\u00e4ckvidd.<\/p>\n<p>Mowi parallellkran g\u00f6r 2 moment i 1 (drar till sig), har ett r\u00f6relsem\u00f6nster som g\u00f6r det m\u00f6jligt att lasta h\u00f6gt. Mowi kranen kr\u00e4ver ett l\u00e4gre oljefl\u00f6de j\u00e4mf\u00f6rt med andra kranar och kan d\u00e4rf\u00f6r k\u00f6ras p\u00e5 l\u00e5ga varv vilket spar br\u00e4nsle och milj\u00f6n samt ger en mer behaglig ljudniv\u00e5 i hytten. Kranen har ett lyftmoment p\u00e5 31 kNm.<\/p>\n<p>Som standard \u00e4r den utrustad med CR300 rotator, FB190 grip och flerspaksventil.<\/p>\n","protected":false},"excerpt":{"rendered":"<p>Mowi P30 \u00e4r avsedd f\u00f6r Mowi 850, 1050 och 1050 WD-vagnarna. P30 har en r\u00e4ckvidd\/lyftkraft p\u00e5 5,7 m\/490 kg p\u00e5 full r\u00e4ckvidd. Mowi parallellkran g\u00f6r 2 moment i 1 (drar till sig), har ett r\u00f6relsem\u00f6nster som g\u00f6r det m\u00f6jligt att lasta h\u00f6gt. Mowi kranen kr\u00e4ver ett l\u00e4gre oljefl\u00f6de j\u00e4mf\u00f6rt med andra kranar och kan d\u00e4rf\u00f6r [&hellip;]<\/p>\n","protected":false},"featured_media":837,"comment_status":"closed","ping_status":"closed","template":"","meta":{"_acf_changed":false,"inline_featured_image":false},"product_cat":[57],"product_tag":[],"acf":[],"_links":{"self":[{"href":"https:\/\/ftgmowi.com\/sv\/wp-json\/wp\/v2\/product\/1458"}],"collection":[{"href":"https:\/\/ftgmowi.com\/sv\/wp-json\/wp\/v2\/product"}],"about":[{"href":"https:\/\/ftgmowi.com\/sv\/wp-json\/wp\/v2\/types\/product"}],"replies":[{"embeddable":true,"href":"https:\/\/ftgmowi.com\/sv\/wp-json\/wp\/v2\/comments?post=1458"}],"wp:featuredmedia":[{"embeddable":true,"href":"https:\/\/ftgmowi.com\/sv\/wp-json\/wp\/v2\/media\/837"}],"wp:attachment":[{"href":"https:\/\/ftgmowi.com\/sv\/wp-json\/wp\/v2\/media?parent=1458"}],"wp:term":[{"taxonomy":"product_cat","embeddable":true,"href":"https:\/\/ftgmowi.com\/sv\/wp-json\/wp\/v2\/product_cat?post=1458"},{"taxonomy":"product_tag","embeddable":true,"href":"https:\/\/ftgmowi.com\/sv\/wp-json\/wp\/v2\/product_tag?post=1458"}],"curies":[{"name":"wp","href":"https:\/\/api.w.org\/{rel}","templated":true}]}}