{"id":1459,"date":"2024-04-15T12:24:41","date_gmt":"2024-04-15T10:24:41","guid":{"rendered":"https:\/\/ftgmowi.com\/product\/skogskran-p25\/"},"modified":"2025-10-29T10:21:06","modified_gmt":"2025-10-29T08:21:06","slug":"skogskran-p25","status":"publish","type":"product","link":"https:\/\/ftgmowi.com\/sv\/produkt\/skogskran-p25\/","title":{"rendered":"Mowi P25 Skogskran"},"content":{"rendered":"<p><strong>FTG MOWI P25<\/strong><\/p>\n<p>Mowi P25 \u00e4r avsedd f\u00f6r Mowis 850-vagn.<\/p>\n<p>P25 har en r\u00e4ckvidd\/lyftkraft p\u00e5 5,2 m\/450 kg.<\/p>\n<p>Mowi parallellkran g\u00f6r 2 moment i 1 (drar till sig), har ett r\u00f6relsem\u00f6nster som g\u00f6r det m\u00f6jligt att lasta h\u00f6gt. Mowikranen kr\u00e4ver l\u00e4gre oljefl\u00f6de j\u00e4mf\u00f6rt med andra kranar och kan d\u00e4rf\u00f6r k\u00f6ras p\u00e5 l\u00e5ga varv vilket spar br\u00e4nsle och milj\u00f6n samt ger en mer behaglig ljudniv\u00e5 i hytten. Kranen har ett lyftmoment p\u00e5 26 kNm.<\/p>\n<p>Som standard \u00e4r den utrustad med CR300 rotator, FB160 grip och flerspaksventil.<\/p>\n","protected":false},"excerpt":{"rendered":"<p>FTG MOWI P25 Mowi P25 \u00e4r avsedd f\u00f6r Mowis 850-vagn. P25 har en r\u00e4ckvidd\/lyftkraft p\u00e5 5,2 m\/450 kg. Mowi parallellkran g\u00f6r 2 moment i 1 (drar till sig), har ett r\u00f6relsem\u00f6nster som g\u00f6r det m\u00f6jligt att lasta h\u00f6gt. Mowikranen kr\u00e4ver l\u00e4gre oljefl\u00f6de j\u00e4mf\u00f6rt med andra kranar och kan d\u00e4rf\u00f6r k\u00f6ras p\u00e5 l\u00e5ga varv vilket spar [&hellip;]<\/p>\n","protected":false},"featured_media":792,"comment_status":"closed","ping_status":"closed","template":"","meta":{"_acf_changed":false,"inline_featured_image":false},"product_cat":[57],"product_tag":[],"acf":[],"_links":{"self":[{"href":"https:\/\/ftgmowi.com\/sv\/wp-json\/wp\/v2\/product\/1459"}],"collection":[{"href":"https:\/\/ftgmowi.com\/sv\/wp-json\/wp\/v2\/product"}],"about":[{"href":"https:\/\/ftgmowi.com\/sv\/wp-json\/wp\/v2\/types\/product"}],"replies":[{"embeddable":true,"href":"https:\/\/ftgmowi.com\/sv\/wp-json\/wp\/v2\/comments?post=1459"}],"wp:featuredmedia":[{"embeddable":true,"href":"https:\/\/ftgmowi.com\/sv\/wp-json\/wp\/v2\/media\/792"}],"wp:attachment":[{"href":"https:\/\/ftgmowi.com\/sv\/wp-json\/wp\/v2\/media?parent=1459"}],"wp:term":[{"taxonomy":"product_cat","embeddable":true,"href":"https:\/\/ftgmowi.com\/sv\/wp-json\/wp\/v2\/product_cat?post=1459"},{"taxonomy":"product_tag","embeddable":true,"href":"https:\/\/ftgmowi.com\/sv\/wp-json\/wp\/v2\/product_tag?post=1459"}],"curies":[{"name":"wp","href":"https:\/\/api.w.org\/{rel}","templated":true}]}}