{"id":1460,"date":"2024-04-15T12:22:13","date_gmt":"2024-04-15T10:22:13","guid":{"rendered":"https:\/\/ftgmowi.com\/product\/skogsvagn-1450-wd\/"},"modified":"2024-11-27T12:24:18","modified_gmt":"2024-11-27T10:24:18","slug":"skogsvagn-1450-wd","status":"publish","type":"product","link":"https:\/\/ftgmowi.com\/sv\/produkt\/skogsvagn-1450-wd\/","title":{"rendered":"Mowi 1450 WD Skogsvagn"},"content":{"rendered":"<p><strong>FTG Mowi 1450WD &#8211; f\u00f6r proffsen i skogen som vill k\u00f6ra stora lass!<\/strong><\/p>\n<p><strong>Mowi 1450 WD<\/strong> har 15 tons lastkapacitet och \u00e4r den st\u00f6rsta drivna vagnen i Mowis sortiment. Detta \u00e4r en vagn med mycket stor lastkapacitet som tar sig fram i den mest kr\u00e4vande terr\u00e4ng tack vare hydraulisk drift. Vagnen passar fr\u00e4mst st\u00f6rre skogs\u00e4gare och entrepren\u00f6rer. Vagnen \u00e4r multifunktionell och anv\u00e4nds inom flera olika omr\u00e5den.<\/p>\n<p>Vagnen \u00e4r standardutrustad med 500\/60&#215;22,5 hjul och vagnstyrning. Lastytan p\u00e5 grinden \u00e4r 3,3 m<sup>2<\/sup>.<\/p>\n","protected":false},"excerpt":{"rendered":"<p>FTG Mowi 1450WD &#8211; f\u00f6r proffsen i skogen som vill k\u00f6ra stora lass! Mowi 1450 WD har 15 tons lastkapacitet och \u00e4r den st\u00f6rsta drivna vagnen i Mowis sortiment. Detta \u00e4r en vagn med mycket stor lastkapacitet som tar sig fram i den mest kr\u00e4vande terr\u00e4ng tack vare hydraulisk drift. Vagnen passar fr\u00e4mst st\u00f6rre skogs\u00e4gare [&hellip;]<\/p>\n","protected":false},"featured_media":779,"comment_status":"closed","ping_status":"closed","template":"","meta":{"_acf_changed":false,"inline_featured_image":false},"product_cat":[58],"product_tag":[],"acf":[],"_links":{"self":[{"href":"https:\/\/ftgmowi.com\/sv\/wp-json\/wp\/v2\/product\/1460"}],"collection":[{"href":"https:\/\/ftgmowi.com\/sv\/wp-json\/wp\/v2\/product"}],"about":[{"href":"https:\/\/ftgmowi.com\/sv\/wp-json\/wp\/v2\/types\/product"}],"replies":[{"embeddable":true,"href":"https:\/\/ftgmowi.com\/sv\/wp-json\/wp\/v2\/comments?post=1460"}],"wp:featuredmedia":[{"embeddable":true,"href":"https:\/\/ftgmowi.com\/sv\/wp-json\/wp\/v2\/media\/779"}],"wp:attachment":[{"href":"https:\/\/ftgmowi.com\/sv\/wp-json\/wp\/v2\/media?parent=1460"}],"wp:term":[{"taxonomy":"product_cat","embeddable":true,"href":"https:\/\/ftgmowi.com\/sv\/wp-json\/wp\/v2\/product_cat?post=1460"},{"taxonomy":"product_tag","embeddable":true,"href":"https:\/\/ftgmowi.com\/sv\/wp-json\/wp\/v2\/product_tag?post=1460"}],"curies":[{"name":"wp","href":"https:\/\/api.w.org\/{rel}","templated":true}]}}