{"id":1461,"date":"2024-04-15T12:16:00","date_gmt":"2024-04-15T10:16:00","guid":{"rendered":"https:\/\/ftgmowi.com\/product\/skogsvagn-1250-nd\/"},"modified":"2024-11-27T11:25:20","modified_gmt":"2024-11-27T09:25:20","slug":"skogsvagn-1250-nd","status":"publish","type":"product","link":"https:\/\/ftgmowi.com\/sv\/produkt\/skogsvagn-1250-nd\/","title":{"rendered":"Mowi 1250 ND Skogsvagn"},"content":{"rendered":"<p><strong>FTG Mowi 1250 ND &#8211; det navdrivna alternativet!<\/strong><\/p>\n<p>Mowi 1250 ND har 12 tons lastkapacitet och \u00e4r en navdriven skogsvagn i Mowis sortiment. Detta \u00e4r en vagn med stor lastkapacitet som tar sig fram i kr\u00e4vande terr\u00e4ng tack vare hydraulisk navdrift. Detta ger m\u00f6jlighet till att l\u00e4gga p\u00e5 band eller kedjor. Vagnen l\u00e4mpar sig f\u00f6r b\u00e5de privata skogs\u00e4gare och entrepren\u00f6rer. Anv\u00e4nds s\u00e5v\u00e4l i b\u00e5de skogs- och g\u00e5rdsbruk.<\/p>\n<p>Vagnen \u00e4r standardutrustad med 500\/45&#215;22,5 hjul och vagnstyrning. Lastytan p\u00e5 grinden \u00e4r 2,7 m<sup>2<\/sup>.<\/p>\n","protected":false},"excerpt":{"rendered":"<p>FTG Mowi 1250 ND &#8211; det navdrivna alternativet! Mowi 1250 ND har 12 tons lastkapacitet och \u00e4r en navdriven skogsvagn i Mowis sortiment. Detta \u00e4r en vagn med stor lastkapacitet som tar sig fram i kr\u00e4vande terr\u00e4ng tack vare hydraulisk navdrift. Detta ger m\u00f6jlighet till att l\u00e4gga p\u00e5 band eller kedjor. Vagnen l\u00e4mpar sig f\u00f6r [&hellip;]<\/p>\n","protected":false},"featured_media":3162,"comment_status":"closed","ping_status":"closed","template":"","meta":{"_acf_changed":false,"inline_featured_image":false},"product_cat":[58],"product_tag":[],"acf":[],"_links":{"self":[{"href":"https:\/\/ftgmowi.com\/sv\/wp-json\/wp\/v2\/product\/1461"}],"collection":[{"href":"https:\/\/ftgmowi.com\/sv\/wp-json\/wp\/v2\/product"}],"about":[{"href":"https:\/\/ftgmowi.com\/sv\/wp-json\/wp\/v2\/types\/product"}],"replies":[{"embeddable":true,"href":"https:\/\/ftgmowi.com\/sv\/wp-json\/wp\/v2\/comments?post=1461"}],"wp:featuredmedia":[{"embeddable":true,"href":"https:\/\/ftgmowi.com\/sv\/wp-json\/wp\/v2\/media\/3162"}],"wp:attachment":[{"href":"https:\/\/ftgmowi.com\/sv\/wp-json\/wp\/v2\/media?parent=1461"}],"wp:term":[{"taxonomy":"product_cat","embeddable":true,"href":"https:\/\/ftgmowi.com\/sv\/wp-json\/wp\/v2\/product_cat?post=1461"},{"taxonomy":"product_tag","embeddable":true,"href":"https:\/\/ftgmowi.com\/sv\/wp-json\/wp\/v2\/product_tag?post=1461"}],"curies":[{"name":"wp","href":"https:\/\/api.w.org\/{rel}","templated":true}]}}