{"id":1462,"date":"2024-04-12T12:49:09","date_gmt":"2024-04-12T10:49:09","guid":{"rendered":"https:\/\/ftgmowi.com\/product\/skogsvagn-1250-wd\/"},"modified":"2024-11-27T11:32:58","modified_gmt":"2024-11-27T09:32:58","slug":"skogsvagn-1250-wd","status":"publish","type":"product","link":"https:\/\/ftgmowi.com\/sv\/produkt\/skogsvagn-1250-wd\/","title":{"rendered":"Mowi 1250 WD Skogsvagn"},"content":{"rendered":"<p><strong>FTG Mowi 1250 WD &#8211; H\u00f6g framkomlighet i skogsterr\u00e4ng!<\/strong><\/p>\n<p><strong>Mowi 1250 WD<\/strong> har 12 tons lastkapacitet och \u00e4r den drivna skogsvagnen som s\u00e4ljs mest i Mowis sortiment. Detta \u00e4r en vagn med stor lastkapacitet som tar sig fram i kr\u00e4vande terr\u00e4ng tack vare hydraulisk drift. Vagnen l\u00e4mpar sig f\u00f6r b\u00e5de privata skogs\u00e4gare och entrepren\u00f6rer. Anv\u00e4nds s\u00e5v\u00e4l i b\u00e5de skogs- och g\u00e5rdsbruk.<\/p>\n<p>Vagnen \u00e4r standardutrustad med 500\/45&#215;22,5 hjul och vagnstyrning. Lastytan p\u00e5 grinden \u00e4r 2,7 m<sup>2<\/sup>.<\/p>\n","protected":false},"excerpt":{"rendered":"<p>FTG Mowi 1250 WD &#8211; H\u00f6g framkomlighet i skogsterr\u00e4ng! Mowi 1250 WD har 12 tons lastkapacitet och \u00e4r den drivna skogsvagnen som s\u00e4ljs mest i Mowis sortiment. Detta \u00e4r en vagn med stor lastkapacitet som tar sig fram i kr\u00e4vande terr\u00e4ng tack vare hydraulisk drift. Vagnen l\u00e4mpar sig f\u00f6r b\u00e5de privata skogs\u00e4gare och entrepren\u00f6rer. Anv\u00e4nds [&hellip;]<\/p>\n","protected":false},"featured_media":3168,"comment_status":"closed","ping_status":"closed","template":"","meta":{"_acf_changed":false,"inline_featured_image":false},"product_cat":[58],"product_tag":[],"acf":[],"_links":{"self":[{"href":"https:\/\/ftgmowi.com\/sv\/wp-json\/wp\/v2\/product\/1462"}],"collection":[{"href":"https:\/\/ftgmowi.com\/sv\/wp-json\/wp\/v2\/product"}],"about":[{"href":"https:\/\/ftgmowi.com\/sv\/wp-json\/wp\/v2\/types\/product"}],"replies":[{"embeddable":true,"href":"https:\/\/ftgmowi.com\/sv\/wp-json\/wp\/v2\/comments?post=1462"}],"wp:featuredmedia":[{"embeddable":true,"href":"https:\/\/ftgmowi.com\/sv\/wp-json\/wp\/v2\/media\/3168"}],"wp:attachment":[{"href":"https:\/\/ftgmowi.com\/sv\/wp-json\/wp\/v2\/media?parent=1462"}],"wp:term":[{"taxonomy":"product_cat","embeddable":true,"href":"https:\/\/ftgmowi.com\/sv\/wp-json\/wp\/v2\/product_cat?post=1462"},{"taxonomy":"product_tag","embeddable":true,"href":"https:\/\/ftgmowi.com\/sv\/wp-json\/wp\/v2\/product_tag?post=1462"}],"curies":[{"name":"wp","href":"https:\/\/api.w.org\/{rel}","templated":true}]}}