{"id":1463,"date":"2024-04-12T12:36:11","date_gmt":"2024-04-12T10:36:11","guid":{"rendered":"https:\/\/ftgmowi.com\/product\/skogsvagn-1050-wd\/"},"modified":"2024-11-27T10:48:17","modified_gmt":"2024-11-27T08:48:17","slug":"skogsvagn-1050-wd","status":"publish","type":"product","link":"https:\/\/ftgmowi.com\/sv\/produkt\/skogsvagn-1050-wd\/","title":{"rendered":"Mowi 1050 WD Skogsvagn"},"content":{"rendered":"<p><strong>Mowi 1050 WD &#8211; En vagn du tar dig fram med!<\/strong><\/p>\n<p>Mowi 1050WD har 10 tons lastkapacitet och \u00e4r den minsta drivna i skogsvagnen i Mowis sortiment. Detta \u00e4r en smidig vagn med stor lastkapacitet som tar sig fram i kr\u00e4vande terr\u00e4ng tack vare hydraulisk drift. Anv\u00e4nds s\u00e5v\u00e4l i b\u00e5de skogs- och g\u00e5rdsbruk.<\/p>\n<p>Vagnen \u00e4r standardutrustad med 400\/55&#215;22,5 hjul och vagnstyrning. Lastytan p\u00e5 grinden \u00e4r 2,3 m<sup>2<\/sup>.<\/p>\n","protected":false},"excerpt":{"rendered":"<p>Mowi 1050 WD &#8211; En vagn du tar dig fram med! Mowi 1050WD har 10 tons lastkapacitet och \u00e4r den minsta drivna i skogsvagnen i Mowis sortiment. Detta \u00e4r en smidig vagn med stor lastkapacitet som tar sig fram i kr\u00e4vande terr\u00e4ng tack vare hydraulisk drift. Anv\u00e4nds s\u00e5v\u00e4l i b\u00e5de skogs- och g\u00e5rdsbruk. Vagnen \u00e4r [&hellip;]<\/p>\n","protected":false},"featured_media":3172,"comment_status":"closed","ping_status":"closed","template":"","meta":{"_acf_changed":false,"inline_featured_image":false},"product_cat":[58],"product_tag":[],"acf":[],"_links":{"self":[{"href":"https:\/\/ftgmowi.com\/sv\/wp-json\/wp\/v2\/product\/1463"}],"collection":[{"href":"https:\/\/ftgmowi.com\/sv\/wp-json\/wp\/v2\/product"}],"about":[{"href":"https:\/\/ftgmowi.com\/sv\/wp-json\/wp\/v2\/types\/product"}],"replies":[{"embeddable":true,"href":"https:\/\/ftgmowi.com\/sv\/wp-json\/wp\/v2\/comments?post=1463"}],"wp:featuredmedia":[{"embeddable":true,"href":"https:\/\/ftgmowi.com\/sv\/wp-json\/wp\/v2\/media\/3172"}],"wp:attachment":[{"href":"https:\/\/ftgmowi.com\/sv\/wp-json\/wp\/v2\/media?parent=1463"}],"wp:term":[{"taxonomy":"product_cat","embeddable":true,"href":"https:\/\/ftgmowi.com\/sv\/wp-json\/wp\/v2\/product_cat?post=1463"},{"taxonomy":"product_tag","embeddable":true,"href":"https:\/\/ftgmowi.com\/sv\/wp-json\/wp\/v2\/product_tag?post=1463"}],"curies":[{"name":"wp","href":"https:\/\/api.w.org\/{rel}","templated":true}]}}