{"id":1464,"date":"2024-04-12T12:30:14","date_gmt":"2024-04-12T10:30:14","guid":{"rendered":"https:\/\/ftgmowi.com\/product\/skogsvagn-1450\/"},"modified":"2024-11-27T11:51:19","modified_gmt":"2024-11-27T09:51:19","slug":"skogsvagn-1450","status":"publish","type":"product","link":"https:\/\/ftgmowi.com\/sv\/produkt\/skogsvagn-1450\/","title":{"rendered":"Mowi 1450 Skogsvagn"},"content":{"rendered":"<p><strong>FTG Mowi 1450 &#8211; en tungviktare i skogen!<\/strong><\/p>\n<p><strong>Mowi 1450<\/strong> har 15 tons lastkapacitet och den st\u00f6rsta vagnen i Mowis sortiment. Detta \u00e4r en vagn med mycket h\u00f6g lastkapacitet som passar fr\u00e4mst st\u00f6rre skogs\u00e4gare och entrepren\u00f6rer. Vagnen \u00e4r multifunktionell och anv\u00e4nds inom flera olika omr\u00e5den.<\/p>\n<p>Vagnen \u00e4r standardutrustad med 500\/60&#215;22,5 hjul och vagnstyrning. Lastytan p\u00e5 grinden \u00e4r 3,3 m<sup>2<\/sup>.<\/p>\n","protected":false},"excerpt":{"rendered":"<p>FTG Mowi 1450 &#8211; en tungviktare i skogen! Mowi 1450 har 15 tons lastkapacitet och den st\u00f6rsta vagnen i Mowis sortiment. Detta \u00e4r en vagn med mycket h\u00f6g lastkapacitet som passar fr\u00e4mst st\u00f6rre skogs\u00e4gare och entrepren\u00f6rer. Vagnen \u00e4r multifunktionell och anv\u00e4nds inom flera olika omr\u00e5den. Vagnen \u00e4r standardutrustad med 500\/60&#215;22,5 hjul och vagnstyrning. Lastytan p\u00e5 [&hellip;]<\/p>\n","protected":false},"featured_media":552,"comment_status":"closed","ping_status":"closed","template":"","meta":{"_acf_changed":false,"inline_featured_image":false},"product_cat":[58],"product_tag":[],"acf":[],"_links":{"self":[{"href":"https:\/\/ftgmowi.com\/sv\/wp-json\/wp\/v2\/product\/1464"}],"collection":[{"href":"https:\/\/ftgmowi.com\/sv\/wp-json\/wp\/v2\/product"}],"about":[{"href":"https:\/\/ftgmowi.com\/sv\/wp-json\/wp\/v2\/types\/product"}],"replies":[{"embeddable":true,"href":"https:\/\/ftgmowi.com\/sv\/wp-json\/wp\/v2\/comments?post=1464"}],"wp:featuredmedia":[{"embeddable":true,"href":"https:\/\/ftgmowi.com\/sv\/wp-json\/wp\/v2\/media\/552"}],"wp:attachment":[{"href":"https:\/\/ftgmowi.com\/sv\/wp-json\/wp\/v2\/media?parent=1464"}],"wp:term":[{"taxonomy":"product_cat","embeddable":true,"href":"https:\/\/ftgmowi.com\/sv\/wp-json\/wp\/v2\/product_cat?post=1464"},{"taxonomy":"product_tag","embeddable":true,"href":"https:\/\/ftgmowi.com\/sv\/wp-json\/wp\/v2\/product_tag?post=1464"}],"curies":[{"name":"wp","href":"https:\/\/api.w.org\/{rel}","templated":true}]}}