{"id":1466,"date":"2024-04-12T11:40:54","date_gmt":"2024-04-12T09:40:54","guid":{"rendered":"https:\/\/ftgmowi.com\/product\/skogsvagn-1050\/"},"modified":"2024-11-27T10:45:31","modified_gmt":"2024-11-27T08:45:31","slug":"skogsvagn-1050","status":"publish","type":"product","link":"https:\/\/ftgmowi.com\/sv\/produkt\/skogsvagn-1050\/","title":{"rendered":"Mowi 1050 Skogsvagn"},"content":{"rendered":"<p><strong>Mowi 1050 &#8211; En vagn f\u00f6r de flestas behov!<\/strong><\/p>\n<p>Mowi 1050 har 10 tons lastkapacitet och \u00e4r den mest s\u00e5lda skogsvagnen i Mowis sortiment. Detta \u00e4r en smidig vagn med stor lastkapacitet som passar m\u00e5nga g\u00e5rdar. Anv\u00e4nds s\u00e5v\u00e4l i b\u00e5de skogs- och g\u00e5rdsbruk.<\/p>\n<p>Vagnen \u00e4r standardutrustad med 15\/70&#215;18 hjul och vagnstyrning. Lastytan p\u00e5 grinden \u00e4r 2,3 m<sup>2<\/sup>.<\/p>\n<p>Du kan nu \u00e4ven v\u00e4lja 500-hjul som tillval. V\u00e4lj d\u00e4ckdimensionen 500\/50\u00d717 Traction n\u00e4r du vill ha mindre marktryck och \u00adstabilare vagn. Plus att den ju \u00e4r s\u00e5 snygg med 500-hjul.<\/p>\n","protected":false},"excerpt":{"rendered":"<p>Mowi 1050 &#8211; En vagn f\u00f6r de flestas behov! Mowi 1050 har 10 tons lastkapacitet och \u00e4r den mest s\u00e5lda skogsvagnen i Mowis sortiment. Detta \u00e4r en smidig vagn med stor lastkapacitet som passar m\u00e5nga g\u00e5rdar. Anv\u00e4nds s\u00e5v\u00e4l i b\u00e5de skogs- och g\u00e5rdsbruk. Vagnen \u00e4r standardutrustad med 15\/70&#215;18 hjul och vagnstyrning. Lastytan p\u00e5 grinden \u00e4r [&hellip;]<\/p>\n","protected":false},"featured_media":1984,"comment_status":"closed","ping_status":"closed","template":"","meta":{"_acf_changed":false,"inline_featured_image":false},"product_cat":[58],"product_tag":[],"acf":[],"_links":{"self":[{"href":"https:\/\/ftgmowi.com\/sv\/wp-json\/wp\/v2\/product\/1466"}],"collection":[{"href":"https:\/\/ftgmowi.com\/sv\/wp-json\/wp\/v2\/product"}],"about":[{"href":"https:\/\/ftgmowi.com\/sv\/wp-json\/wp\/v2\/types\/product"}],"replies":[{"embeddable":true,"href":"https:\/\/ftgmowi.com\/sv\/wp-json\/wp\/v2\/comments?post=1466"}],"wp:featuredmedia":[{"embeddable":true,"href":"https:\/\/ftgmowi.com\/sv\/wp-json\/wp\/v2\/media\/1984"}],"wp:attachment":[{"href":"https:\/\/ftgmowi.com\/sv\/wp-json\/wp\/v2\/media?parent=1466"}],"wp:term":[{"taxonomy":"product_cat","embeddable":true,"href":"https:\/\/ftgmowi.com\/sv\/wp-json\/wp\/v2\/product_cat?post=1466"},{"taxonomy":"product_tag","embeddable":true,"href":"https:\/\/ftgmowi.com\/sv\/wp-json\/wp\/v2\/product_tag?post=1466"}],"curies":[{"name":"wp","href":"https:\/\/api.w.org\/{rel}","templated":true}]}}