{"id":1467,"date":"2024-04-12T11:35:02","date_gmt":"2024-04-12T09:35:02","guid":{"rendered":"https:\/\/ftgmowi.com\/product\/skogsvagn-850\/"},"modified":"2024-11-27T10:35:13","modified_gmt":"2024-11-27T08:35:13","slug":"skogsvagn-850","status":"publish","type":"product","link":"https:\/\/ftgmowi.com\/sv\/produkt\/skogsvagn-850\/","title":{"rendered":"Mowi 850 Skogsvagn"},"content":{"rendered":"<p><strong>Mowi 850 &#8211; Liten och smidig skogsvagn f\u00f6r g\u00e5rds- o skogsbrukaren!<\/strong><\/p>\n<p>Mowi 850 har 9 tons lastkapacitet och \u00e4r den minsta skogsvagnen i Mowis sortiment. Detta \u00e4r en smidig vagn som l\u00e4mpar sig f\u00f6r de mindre traktorerna och \u00e4r en av v\u00e5ra stors\u00e4ljare!<\/p>\n<p>Vagnen \u00e4r standardutrustad med 400\/60&#215;15,5 hjul, vagnstyrning och teleskopiska st\u00f6dben. Lastytan p\u00e5 grinden \u00e4r 2,0 m<sup>2<\/sup>.<\/p>\n","protected":false},"excerpt":{"rendered":"<p>Mowi 850 &#8211; Liten och smidig skogsvagn f\u00f6r g\u00e5rds- o skogsbrukaren! Mowi 850 har 9 tons lastkapacitet och \u00e4r den minsta skogsvagnen i Mowis sortiment. Detta \u00e4r en smidig vagn som l\u00e4mpar sig f\u00f6r de mindre traktorerna och \u00e4r en av v\u00e5ra stors\u00e4ljare! Vagnen \u00e4r standardutrustad med 400\/60&#215;15,5 hjul, vagnstyrning och teleskopiska st\u00f6dben. Lastytan p\u00e5 [&hellip;]<\/p>\n","protected":false},"featured_media":493,"comment_status":"closed","ping_status":"closed","template":"","meta":{"_acf_changed":false,"inline_featured_image":false},"product_cat":[58],"product_tag":[],"acf":[],"_links":{"self":[{"href":"https:\/\/ftgmowi.com\/sv\/wp-json\/wp\/v2\/product\/1467"}],"collection":[{"href":"https:\/\/ftgmowi.com\/sv\/wp-json\/wp\/v2\/product"}],"about":[{"href":"https:\/\/ftgmowi.com\/sv\/wp-json\/wp\/v2\/types\/product"}],"replies":[{"embeddable":true,"href":"https:\/\/ftgmowi.com\/sv\/wp-json\/wp\/v2\/comments?post=1467"}],"wp:featuredmedia":[{"embeddable":true,"href":"https:\/\/ftgmowi.com\/sv\/wp-json\/wp\/v2\/media\/493"}],"wp:attachment":[{"href":"https:\/\/ftgmowi.com\/sv\/wp-json\/wp\/v2\/media?parent=1467"}],"wp:term":[{"taxonomy":"product_cat","embeddable":true,"href":"https:\/\/ftgmowi.com\/sv\/wp-json\/wp\/v2\/product_cat?post=1467"},{"taxonomy":"product_tag","embeddable":true,"href":"https:\/\/ftgmowi.com\/sv\/wp-json\/wp\/v2\/product_tag?post=1467"}],"curies":[{"name":"wp","href":"https:\/\/api.w.org\/{rel}","templated":true}]}}