{"id":2104,"date":"2024-05-27T07:54:04","date_gmt":"2024-05-27T05:54:04","guid":{"rendered":"https:\/\/ftgmowi.com\/?post_type=product&#038;p=2104"},"modified":"2024-08-12T15:05:03","modified_gmt":"2024-08-12T13:05:03","slug":"adapterplatta-59-mm-till-49-mm-axel","status":"publish","type":"product","link":"https:\/\/ftgmowi.com\/sv\/produkt\/adapterplatta-59-mm-till-49-mm-axel\/","title":{"rendered":"Adapter 59 mm till 49 mm axel"},"content":{"rendered":"<p>Adapter f\u00f6r att g\u00e5 ner p\u00e5 axeltappens storlek p\u00e5 rotatorn<\/p>\n","protected":false},"excerpt":{"rendered":"<p>Adapter f\u00f6r att g\u00e5 ner p\u00e5 axeltappens storlek p\u00e5 rotatorn<\/p>\n","protected":false},"featured_media":2100,"comment_status":"closed","ping_status":"closed","template":"","meta":{"_acf_changed":false,"inline_featured_image":false},"product_cat":[56,81],"product_tag":[],"acf":[],"_links":{"self":[{"href":"https:\/\/ftgmowi.com\/sv\/wp-json\/wp\/v2\/product\/2104"}],"collection":[{"href":"https:\/\/ftgmowi.com\/sv\/wp-json\/wp\/v2\/product"}],"about":[{"href":"https:\/\/ftgmowi.com\/sv\/wp-json\/wp\/v2\/types\/product"}],"replies":[{"embeddable":true,"href":"https:\/\/ftgmowi.com\/sv\/wp-json\/wp\/v2\/comments?post=2104"}],"wp:featuredmedia":[{"embeddable":true,"href":"https:\/\/ftgmowi.com\/sv\/wp-json\/wp\/v2\/media\/2100"}],"wp:attachment":[{"href":"https:\/\/ftgmowi.com\/sv\/wp-json\/wp\/v2\/media?parent=2104"}],"wp:term":[{"taxonomy":"product_cat","embeddable":true,"href":"https:\/\/ftgmowi.com\/sv\/wp-json\/wp\/v2\/product_cat?post=2104"},{"taxonomy":"product_tag","embeddable":true,"href":"https:\/\/ftgmowi.com\/sv\/wp-json\/wp\/v2\/product_tag?post=2104"}],"curies":[{"name":"wp","href":"https:\/\/api.w.org\/{rel}","templated":true}]}}