{"id":2213,"date":"2024-05-28T14:27:10","date_gmt":"2024-05-28T14:27:10","guid":{"rendered":"https:\/\/ftgmowi.com\/?post_type=product&#038;p=2213"},"modified":"2024-06-17T09:08:16","modified_gmt":"2024-06-17T09:08:16","slug":"kolvpumpar","status":"publish","type":"product","link":"https:\/\/ftgmowi.com\/sv\/produkt\/kolvpumpar\/","title":{"rendered":"Kolvpumpar och tank"},"content":{"rendered":"<p>Pump &amp; tank<br \/>\nKolvpump F1 81 med ett fl\u00f6de p\u00e5 81 eller 101 liter\/min vid 1000 varv\/min.<br \/>\nArbetstryck 210 bar. Monterad p\u00e5 kraftuttaget.<\/p>\n<p>81 l\/min &#8211; f\u00f6r Mowi 1050 och 1050 WD<\/p>\n<p>101 l\/min &#8211; f\u00f6r Mowi 1250, 1250 ND, 1250 WD, 1450 och 1450 WD<\/p>\n<p>Kan monteras p\u00e5 dragst\u00e5ng.<\/p>\n<p>Kontakta din \u00e5terf\u00f6rs\u00e4ljare (eller oss) f\u00f6r offert<\/p>\n","protected":false},"excerpt":{"rendered":"<p>Pump &amp; tank Kolvpump F1 81 med ett fl\u00f6de p\u00e5 81 eller 101 liter\/min vid 1000 varv\/min. Arbetstryck 210 bar. Monterad p\u00e5 kraftuttaget. 81 l\/min &#8211; f\u00f6r Mowi 1050 och 1050 WD 101 l\/min &#8211; f\u00f6r Mowi 1250, 1250 ND, 1250 WD, 1450 och 1450 WD Kan monteras p\u00e5 dragst\u00e5ng. Kontakta din \u00e5terf\u00f6rs\u00e4ljare (eller oss) [&hellip;]<\/p>\n","protected":false},"featured_media":2217,"comment_status":"closed","ping_status":"closed","template":"","meta":{"_acf_changed":false,"inline_featured_image":false},"product_cat":[56,84],"product_tag":[],"acf":[],"_links":{"self":[{"href":"https:\/\/ftgmowi.com\/sv\/wp-json\/wp\/v2\/product\/2213"}],"collection":[{"href":"https:\/\/ftgmowi.com\/sv\/wp-json\/wp\/v2\/product"}],"about":[{"href":"https:\/\/ftgmowi.com\/sv\/wp-json\/wp\/v2\/types\/product"}],"replies":[{"embeddable":true,"href":"https:\/\/ftgmowi.com\/sv\/wp-json\/wp\/v2\/comments?post=2213"}],"wp:featuredmedia":[{"embeddable":true,"href":"https:\/\/ftgmowi.com\/sv\/wp-json\/wp\/v2\/media\/2217"}],"wp:attachment":[{"href":"https:\/\/ftgmowi.com\/sv\/wp-json\/wp\/v2\/media?parent=2213"}],"wp:term":[{"taxonomy":"product_cat","embeddable":true,"href":"https:\/\/ftgmowi.com\/sv\/wp-json\/wp\/v2\/product_cat?post=2213"},{"taxonomy":"product_tag","embeddable":true,"href":"https:\/\/ftgmowi.com\/sv\/wp-json\/wp\/v2\/product_tag?post=2213"}],"curies":[{"name":"wp","href":"https:\/\/api.w.org\/{rel}","templated":true}]}}